{"id":1118,"date":"2019-02-07T14:01:19","date_gmt":"2019-02-07T13:01:19","guid":{"rendered":"http:\/\/foyerruralfayencetourrettes.org\/?page_id=1118"},"modified":"2025-02-04T22:55:23","modified_gmt":"2025-02-04T21:55:23","slug":"test","status":"publish","type":"page","link":"http:\/\/foyerruralfayencetourrettes.org\/index.php\/activites\/test\/","title":{"rendered":"NOS SALLES"},"content":{"rendered":"\n<p class=\"has-text-align-left\"><strong>MILLE CLUBS<\/strong>&nbsp;<\/p>\n\n\n\n<p class=\"has-text-align-left\"><strong>77 Rue Comtesse de Villeneuve &#8211; FAYENCE<\/strong><\/p>\n\n\n\n<p class=\"has-text-align-left\"><strong>Au dessus du grand jardin, A cot\u00e9 de l&rsquo;\u00e9cole La Ferrage<\/strong><\/p>\n\n\n\n<figure class=\"wp-block-image size-large\"><img decoding=\"async\" loading=\"lazy\" width=\"724\" height=\"1024\" src=\"http:\/\/foyerruralfayencetourrettes.org\/wp-content\/uploads\/2025\/02\/Acces_Mille_Clubs_-_copie_2_-724x1024.jpg\" alt=\"\" class=\"wp-image-4321\" srcset=\"http:\/\/foyerruralfayencetourrettes.org\/wp-content\/uploads\/2025\/02\/Acces_Mille_Clubs_-_copie_2_-724x1024.jpg 724w, http:\/\/foyerruralfayencetourrettes.org\/wp-content\/uploads\/2025\/02\/Acces_Mille_Clubs_-_copie_2_-212x300.jpg 212w, http:\/\/foyerruralfayencetourrettes.org\/wp-content\/uploads\/2025\/02\/Acces_Mille_Clubs_-_copie_2_-768x1087.jpg 768w, http:\/\/foyerruralfayencetourrettes.org\/wp-content\/uploads\/2025\/02\/Acces_Mille_Clubs_-_copie_2_-1085x1536.jpg 1085w, http:\/\/foyerruralfayencetourrettes.org\/wp-content\/uploads\/2025\/02\/Acces_Mille_Clubs_-_copie_2_.jpg 1240w\" sizes=\"(max-width: 724px) 100vw, 724px\" \/><\/figure>\n\n\n\n<figure class=\"wp-block-gallery has-nested-images columns-2 is-cropped wp-block-gallery-1 is-layout-flex\">\n<figure class=\"wp-block-image size-large\"><img decoding=\"async\" loading=\"lazy\" width=\"983\" height=\"539\" data-id=\"4282\"  src=\"http:\/\/foyerruralfayencetourrettes.org\/wp-content\/uploads\/2025\/01\/MC-Virage.png\" alt=\"\" class=\"wp-image-4282\" srcset=\"http:\/\/foyerruralfayencetourrettes.org\/wp-content\/uploads\/2025\/01\/MC-Virage.png 983w, http:\/\/foyerruralfayencetourrettes.org\/wp-content\/uploads\/2025\/01\/MC-Virage-300x164.png 300w, http:\/\/foyerruralfayencetourrettes.org\/wp-content\/uploads\/2025\/01\/MC-Virage-768x421.png 768w\" sizes=\"(max-width: 983px) 100vw, 983px\" \/><\/figure>\n\n\n\n<figure class=\"wp-block-image size-large\"><img decoding=\"async\" loading=\"lazy\" width=\"1024\" height=\"462\" data-id=\"4298\"  src=\"http:\/\/foyerruralfayencetourrettes.org\/wp-content\/uploads\/2025\/01\/MC-parking-2-1024x462.png\" alt=\"\" class=\"wp-image-4298\" srcset=\"http:\/\/foyerruralfayencetourrettes.org\/wp-content\/uploads\/2025\/01\/MC-parking-2-1024x462.png 1024w, http:\/\/foyerruralfayencetourrettes.org\/wp-content\/uploads\/2025\/01\/MC-parking-2-300x135.png 300w, http:\/\/foyerruralfayencetourrettes.org\/wp-content\/uploads\/2025\/01\/MC-parking-2-768x346.png 768w, http:\/\/foyerruralfayencetourrettes.org\/wp-content\/uploads\/2025\/01\/MC-parking-2.png 1087w\" sizes=\"(max-width: 1024px) 100vw, 1024px\" \/><\/figure>\n\n\n\n<figure class=\"wp-block-image size-large\"><img decoding=\"async\" loading=\"lazy\" width=\"875\" height=\"559\" data-id=\"4280\"  src=\"http:\/\/foyerruralfayencetourrettes.org\/wp-content\/uploads\/2025\/01\/MC-jardin.png\" alt=\"\" class=\"wp-image-4280\" srcset=\"http:\/\/foyerruralfayencetourrettes.org\/wp-content\/uploads\/2025\/01\/MC-jardin.png 875w, http:\/\/foyerruralfayencetourrettes.org\/wp-content\/uploads\/2025\/01\/MC-jardin-300x192.png 300w, http:\/\/foyerruralfayencetourrettes.org\/wp-content\/uploads\/2025\/01\/MC-jardin-768x491.png 768w\" sizes=\"(max-width: 875px) 100vw, 875px\" \/><\/figure>\n\n\n\n<figure class=\"wp-block-image size-large\"><img decoding=\"async\" loading=\"lazy\" width=\"1024\" height=\"768\" data-id=\"4283\"  src=\"http:\/\/foyerruralfayencetourrettes.org\/wp-content\/uploads\/2025\/01\/mille-clubs-1024x768.jpg\" alt=\"\" class=\"wp-image-4283\" srcset=\"http:\/\/foyerruralfayencetourrettes.org\/wp-content\/uploads\/2025\/01\/mille-clubs-1024x768.jpg 1024w, http:\/\/foyerruralfayencetourrettes.org\/wp-content\/uploads\/2025\/01\/mille-clubs-300x225.jpg 300w, http:\/\/foyerruralfayencetourrettes.org\/wp-content\/uploads\/2025\/01\/mille-clubs-768x576.jpg 768w, http:\/\/foyerruralfayencetourrettes.org\/wp-content\/uploads\/2025\/01\/mille-clubs-1536x1152.jpg 1536w, http:\/\/foyerruralfayencetourrettes.org\/wp-content\/uploads\/2025\/01\/mille-clubs.jpg 2048w\" sizes=\"(max-width: 1024px) 100vw, 1024px\" \/><\/figure>\n<\/figure>\n\n\n\n<hr class=\"wp-block-separator has-alpha-channel-opacity\"\/>\n\n\n\n<div class=\"wp-block-columns is-layout-flex wp-container-5\">\n<div class=\"wp-block-column is-layout-flow\" style=\"flex-basis:33.33%\">\n<p><strong>ANCIEN COLLEGE <\/strong><\/p>\n\n\n\n<p><strong>Rue de La Ferrage FAYENCE <\/strong><\/p>\n\n\n\n<p><strong>Derri\u00e8re la caserne des Pompiers<\/strong><\/p>\n<\/div>\n\n\n\n<div class=\"wp-block-column is-layout-flow\" style=\"flex-basis:66.66%\">\n<figure class=\"wp-block-image size-large is-resized\"><img decoding=\"async\" loading=\"lazy\" src=\"http:\/\/foyerruralfayencetourrettes.org\/wp-content\/uploads\/2025\/01\/plan-anc-college-2-1024x595.jpg\" alt=\"\" class=\"wp-image-4285\" width=\"539\" height=\"313\" srcset=\"http:\/\/foyerruralfayencetourrettes.org\/wp-content\/uploads\/2025\/01\/plan-anc-college-2-1024x595.jpg 1024w, http:\/\/foyerruralfayencetourrettes.org\/wp-content\/uploads\/2025\/01\/plan-anc-college-2-300x174.jpg 300w, http:\/\/foyerruralfayencetourrettes.org\/wp-content\/uploads\/2025\/01\/plan-anc-college-2-768x446.jpg 768w, http:\/\/foyerruralfayencetourrettes.org\/wp-content\/uploads\/2025\/01\/plan-anc-college-2-1536x893.jpg 1536w, http:\/\/foyerruralfayencetourrettes.org\/wp-content\/uploads\/2025\/01\/plan-anc-college-2.jpg 1920w\" sizes=\"(max-width: 539px) 100vw, 539px\" \/><\/figure>\n<\/div>\n<\/div>\n\n\n\n<hr class=\"wp-block-separator has-alpha-channel-opacity\"\/>\n\n\n\n<div class=\"wp-block-columns is-layout-flex wp-container-8\">\n<div class=\"wp-block-column is-layout-flow\" style=\"flex-basis:33.33%\">\n<p><\/p>\n\n\n\n<p><strong>SALLE DES ROMARINS<\/strong><\/p>\n\n\n\n<p><strong>63 All\u00e9e des Romarins TOURRETTES<\/strong><\/p>\n\n\n\n<p><strong>A cot\u00e9 du cimeti\u00e8re<\/strong><\/p>\n<\/div>\n\n\n\n<div class=\"wp-block-column is-layout-flow\" style=\"flex-basis:66.66%\">\n<figure class=\"wp-block-image size-full\"><img decoding=\"async\" loading=\"lazy\" width=\"843\" height=\"825\" src=\"http:\/\/foyerruralfayencetourrettes.org\/wp-content\/uploads\/2025\/01\/romarins-page-001-1.jpg\" alt=\"\" class=\"wp-image-4290\" srcset=\"http:\/\/foyerruralfayencetourrettes.org\/wp-content\/uploads\/2025\/01\/romarins-page-001-1.jpg 843w, http:\/\/foyerruralfayencetourrettes.org\/wp-content\/uploads\/2025\/01\/romarins-page-001-1-300x294.jpg 300w, http:\/\/foyerruralfayencetourrettes.org\/wp-content\/uploads\/2025\/01\/romarins-page-001-1-768x752.jpg 768w\" sizes=\"(max-width: 843px) 100vw, 843px\" \/><\/figure>\n<\/div>\n<\/div>\n\n\n\n<hr class=\"wp-block-separator has-alpha-channel-opacity\"\/>\n\n\n\n<div class=\"wp-block-columns is-layout-flex wp-container-11\">\n<div class=\"wp-block-column is-layout-flow\" style=\"flex-basis:33.33%\">\n<p><\/p>\n\n\n\n<p><\/p>\n\n\n\n<p><strong>GYMNASE DE FAYENCE<\/strong><\/p>\n\n\n\n<p><strong>Quartier le Colombier<\/strong><\/p>\n\n\n\n<p><strong>Route de Fr\u00e9jus -FAYENCE<\/strong><\/p>\n\n\n\n<p><strong>A cot\u00e9 du Coll\u00e8ge<\/strong><\/p>\n<\/div>\n\n\n\n<div class=\"wp-block-column is-layout-flow\" style=\"flex-basis:66.66%\">\n<figure class=\"wp-block-image size-large is-resized\"><img decoding=\"async\" loading=\"lazy\" src=\"http:\/\/foyerruralfayencetourrettes.org\/wp-content\/uploads\/2025\/01\/Gymnase-page-001-906x1024.jpg\" alt=\"\" class=\"wp-image-4293\" width=\"419\" height=\"472\"\/><\/figure>\n<\/div>\n<\/div>\n\n\n\n<hr class=\"wp-block-separator has-alpha-channel-opacity\"\/>\n\n\n\n<figure class=\"wp-block-image size-full\"><img decoding=\"async\" loading=\"lazy\" width=\"1000\" height=\"1000\" src=\"http:\/\/foyerruralfayencetourrettes.org\/wp-content\/uploads\/2025\/01\/p9.jpg\" alt=\"\" class=\"wp-image-4295\" srcset=\"http:\/\/foyerruralfayencetourrettes.org\/wp-content\/uploads\/2025\/01\/p9.jpg 1000w, http:\/\/foyerruralfayencetourrettes.org\/wp-content\/uploads\/2025\/01\/p9-300x300.jpg 300w, http:\/\/foyerruralfayencetourrettes.org\/wp-content\/uploads\/2025\/01\/p9-150x150.jpg 150w, http:\/\/foyerruralfayencetourrettes.org\/wp-content\/uploads\/2025\/01\/p9-768x768.jpg 768w, http:\/\/foyerruralfayencetourrettes.org\/wp-content\/uploads\/2025\/01\/p9-180x180.jpg 180w\" sizes=\"(max-width: 1000px) 100vw, 1000px\" \/><\/figure>\n","protected":false},"excerpt":{"rendered":"<p>MILLE CLUBS&nbsp; 77 Rue Comtesse de Villeneuve &#8211; FAYENCE Au dessus du grand jardin, A cot\u00e9 de l&rsquo;\u00e9cole La Ferrage ANCIEN COLLEGE Rue de La Ferrage FAYENCE Derri\u00e8re la caserne des Pompiers SALLE DES ROMARINS 63 All\u00e9e des Romarins TOURRETTES A cot\u00e9 du cimeti\u00e8re GYMNASE DE FAYENCE Quartier le Colombier Route de Fr\u00e9jus -FAYENCE A&hellip; <a href=\"http:\/\/foyerruralfayencetourrettes.org\/index.php\/activites\/test\/\" class=\"more-link\">Lire la suite <span class=\"screen-reader-text\">NOS SALLES<\/span><\/a><\/p>\n","protected":false},"author":1,"featured_media":0,"parent":90,"menu_order":0,"comment_status":"closed","ping_status":"closed","template":"","meta":[],"_links":{"self":[{"href":"http:\/\/foyerruralfayencetourrettes.org\/index.php\/wp-json\/wp\/v2\/pages\/1118"}],"collection":[{"href":"http:\/\/foyerruralfayencetourrettes.org\/index.php\/wp-json\/wp\/v2\/pages"}],"about":[{"href":"http:\/\/foyerruralfayencetourrettes.org\/index.php\/wp-json\/wp\/v2\/types\/page"}],"author":[{"embeddable":true,"href":"http:\/\/foyerruralfayencetourrettes.org\/index.php\/wp-json\/wp\/v2\/users\/1"}],"replies":[{"embeddable":true,"href":"http:\/\/foyerruralfayencetourrettes.org\/index.php\/wp-json\/wp\/v2\/comments?post=1118"}],"version-history":[{"count":15,"href":"http:\/\/foyerruralfayencetourrettes.org\/index.php\/wp-json\/wp\/v2\/pages\/1118\/revisions"}],"predecessor-version":[{"id":4323,"href":"http:\/\/foyerruralfayencetourrettes.org\/index.php\/wp-json\/wp\/v2\/pages\/1118\/revisions\/4323"}],"up":[{"embeddable":true,"href":"http:\/\/foyerruralfayencetourrettes.org\/index.php\/wp-json\/wp\/v2\/pages\/90"}],"wp:attachment":[{"href":"http:\/\/foyerruralfayencetourrettes.org\/index.php\/wp-json\/wp\/v2\/media?parent=1118"}],"curies":[{"name":"wp","href":"https:\/\/api.w.org\/{rel}","templated":true}]}}