{"id":1520,"date":"2020-09-13T17:43:44","date_gmt":"2020-09-13T15:43:44","guid":{"rendered":"http:\/\/foyerruralfayencetourrettes.org\/?page_id=1520"},"modified":"2025-10-10T10:11:41","modified_gmt":"2025-10-10T08:11:41","slug":"randuro-vtt","status":"publish","type":"page","link":"http:\/\/foyerruralfayencetourrettes.org\/index.php\/galerie-photos\/randuro-vtt\/","title":{"rendered":"RANDURO &#8211; VTT"},"content":{"rendered":"<h2><img decoding=\"async\" loading=\"lazy\" class=\"aligncenter size-large wp-image-4430\" src=\"http:\/\/foyerruralfayencetourrettes.org\/wp-content\/uploads\/2025\/07\/affiche-enduro-2025-766x1024.jpg\" alt=\"\" width=\"766\" height=\"1024\" srcset=\"http:\/\/foyerruralfayencetourrettes.org\/wp-content\/uploads\/2025\/07\/affiche-enduro-2025-766x1024.jpg 766w, http:\/\/foyerruralfayencetourrettes.org\/wp-content\/uploads\/2025\/07\/affiche-enduro-2025-224x300.jpg 224w, http:\/\/foyerruralfayencetourrettes.org\/wp-content\/uploads\/2025\/07\/affiche-enduro-2025-768x1027.jpg 768w, http:\/\/foyerruralfayencetourrettes.org\/wp-content\/uploads\/2025\/07\/affiche-enduro-2025.jpg 1065w\" sizes=\"(max-width: 766px) 100vw, 766px\" \/><\/h2>\n<p><!--more--><\/p>\n<h2 style=\"text-align: center;\"><strong>Descente V.T.T\u00a0 \u00a0LACHENS &#8211; <span style=\"color: #ff0000;\">MONTAUROUX<\/span><\/strong><br \/>le Dimanche 20 octobre 2024<\/h2>\n<h2 style=\"text-align: center;\"><span style=\"color: #ff0000;\"><strong>(r\u00e9serv\u00e9e aux v\u00e9t\u00e9tistes avertis)<\/strong><\/span><br \/><strong>Manifestation\u00a0 organis\u00e9e par le Foyer Rural Fayence-Tourrettes au profit du Relais Solidarit\u00e9.<\/strong><br \/><strong>places limit\u00e9es \u00e0 110 participants<\/strong><br \/><strong>\u00a0<a href=\"https:\/\/www.helloasso.com\/associations\/foyer-rural-fayence-tourrettes\" target=\"_blank\" rel=\"noopener\">inscriptions en ligne<\/a><\/strong><\/h2>\n<h3 style=\"text-align: center;\"><strong>\u00a0 \u00a0 \u00a0 \u00a0Masque obligatoire pour le voyage en bus<\/strong><\/h3>\n\n\n<p><strong>Accueil \/ inscriptions: 7h salle polyvalente de la Maison pour Tous \u00e0 MONTAUROUX, puis d\u00e9part en bus pour le Lachens<\/strong><\/p>\n\n\n\n<p><strong>Arriv\u00e9e : &nbsp;Stade du d\u00e9fens \u00e0 MONTAUROUX &nbsp;&#8211; Ap\u00e9ritif et repas.<\/strong><\/p>\n\n\n\n<p><strong>Transport en bus jusqu&rsquo;au Lachens assur\u00e9 au d\u00e9part de Montauroux.&nbsp;<\/strong><\/p>\n\n\n\n<p><strong><u>&nbsp;Imp\u00e9ratif<\/u>: &nbsp;pr\u00e9voir des protections (cartons&#8230;) pour le transport de vos v\u00e9los &amp; pr\u00e9sence indispensable au chargement. Le chargement des v\u00e9los est sous la responsabilit\u00e9 des participants.<\/strong>&nbsp;<\/p>\n\n\n\n<p><strong>Ouvert au VAE<\/strong><\/p>\n\n\n\n<p><strong>Deux parcours propos\u00e9s :<\/strong><\/p>\n\n\n\n<p><strong>&nbsp;1\/ parcours avertis : 31 km &#8211; d\u00e9nivel\u00e9 positif 496m &#8211; n\u00e9gatif : 1200m<\/strong><\/p>\n\n\n\n<p>&nbsp;<strong>2\/ parcours expert &nbsp;: 32 km &#8211; d\u00e9nivel\u00e9 positif 680 m &#8211; n\u00e9gatif : 1374 m                                                                                            <\/strong><\/p>\n\n\n\n<h3 class=\"wp-block-heading\"><strong><strong>Parcours tr\u00e8s exigeant techniquement et physiquement<\/strong><\/strong><\/h3>\n\n\n\n<p><strong>Freins \u00e0 disques, casque, protections et suspensions obligatoires<\/strong><\/p>\n\n\n\n<p><strong>Enfants de moins de 18 ans accept\u00e9s si tr\u00e8s avertis accompagn\u00e9 d&rsquo;un adulte et si possible, faisant d\u00e9j\u00e0 partie d&rsquo;un club&nbsp;(+ certificat m\u00e9dical obligatoire) &nbsp;<\/strong><\/p>\n\n\n\n<p><strong><b>A retenir :&nbsp;&#8211; Si vous abandonnez le parcours, il est imp\u00e9ratif d&rsquo;en informer les organisateurs &nbsp;(les b\u00e9n\u00e9voles ne peuvent se permettre de partir \u00e0 la recherche des participants, <\/b>qui n&rsquo;ont pas pr\u00e9venu de leur abandon!!) &nbsp;<\/strong><\/p>\n\n\n\n<p><strong>MERCI DE BIEN PRENDRE CONNAISSANCE DU REGLEMENT<\/strong>&nbsp;<\/p>\n","protected":false},"excerpt":{"rendered":"","protected":false},"author":1,"featured_media":0,"parent":55,"menu_order":5,"comment_status":"closed","ping_status":"closed","template":"","meta":[],"_links":{"self":[{"href":"http:\/\/foyerruralfayencetourrettes.org\/index.php\/wp-json\/wp\/v2\/pages\/1520"}],"collection":[{"href":"http:\/\/foyerruralfayencetourrettes.org\/index.php\/wp-json\/wp\/v2\/pages"}],"about":[{"href":"http:\/\/foyerruralfayencetourrettes.org\/index.php\/wp-json\/wp\/v2\/types\/page"}],"author":[{"embeddable":true,"href":"http:\/\/foyerruralfayencetourrettes.org\/index.php\/wp-json\/wp\/v2\/users\/1"}],"replies":[{"embeddable":true,"href":"http:\/\/foyerruralfayencetourrettes.org\/index.php\/wp-json\/wp\/v2\/comments?post=1520"}],"version-history":[{"count":20,"href":"http:\/\/foyerruralfayencetourrettes.org\/index.php\/wp-json\/wp\/v2\/pages\/1520\/revisions"}],"predecessor-version":[{"id":4613,"href":"http:\/\/foyerruralfayencetourrettes.org\/index.php\/wp-json\/wp\/v2\/pages\/1520\/revisions\/4613"}],"up":[{"embeddable":true,"href":"http:\/\/foyerruralfayencetourrettes.org\/index.php\/wp-json\/wp\/v2\/pages\/55"}],"wp:attachment":[{"href":"http:\/\/foyerruralfayencetourrettes.org\/index.php\/wp-json\/wp\/v2\/media?parent=1520"}],"curies":[{"name":"wp","href":"https:\/\/api.w.org\/{rel}","templated":true}]}}