{"id":2165,"date":"2022-08-18T15:59:14","date_gmt":"2022-08-18T13:59:14","guid":{"rendered":"http:\/\/foyerruralfayencetourrettes.org\/?page_id=2165"},"modified":"2025-08-10T19:13:19","modified_gmt":"2025-08-10T17:13:19","slug":"cirque","status":"publish","type":"page","link":"http:\/\/foyerruralfayencetourrettes.org\/index.php\/activites\/enfants\/cirque\/","title":{"rendered":"CIRQUE"},"content":{"rendered":"\n<div class=\"wp-block-media-text alignwide is-stacked-on-mobile\" style=\"grid-template-columns:31% auto\"><figure class=\"wp-block-media-text__media\"><img decoding=\"async\" loading=\"lazy\" width=\"1024\" height=\"683\" src=\"http:\/\/foyerruralfayencetourrettes.org\/wp-content\/uploads\/2025\/08\/cirque-4-1024x683.jpg\" alt=\"\" class=\"wp-image-4520 size-large\" srcset=\"http:\/\/foyerruralfayencetourrettes.org\/wp-content\/uploads\/2025\/08\/cirque-4-1024x683.jpg 1024w, http:\/\/foyerruralfayencetourrettes.org\/wp-content\/uploads\/2025\/08\/cirque-4-300x200.jpg 300w, http:\/\/foyerruralfayencetourrettes.org\/wp-content\/uploads\/2025\/08\/cirque-4-768x512.jpg 768w, http:\/\/foyerruralfayencetourrettes.org\/wp-content\/uploads\/2025\/08\/cirque-4-1536x1024.jpg 1536w, http:\/\/foyerruralfayencetourrettes.org\/wp-content\/uploads\/2025\/08\/cirque-4-2048x1365.jpg 2048w\" sizes=\"(max-width: 1024px) 100vw, 1024px\" \/><\/figure><div class=\"wp-block-media-text__content\">\n<p style=\"font-size:28px\"><mark style=\"background-color:rgba(0, 0, 0, 0)\" class=\"has-inline-color has-vivid-red-color\"><strong>Initiation      Mime <\/strong><\/mark><\/p>\n\n\n\n<p class=\"has-vivid-red-color has-text-color\" style=\"font-size:28px\"><mark style=\"background-color:rgba(0, 0, 0, 0)\" class=\"has-inline-color has-vivid-cyan-blue-color\"><strong>Jonglage      Acrobaties<\/strong><\/mark><\/p>\n\n\n\n<p style=\"font-size:28px\"><mark style=\"background-color:rgba(0, 0, 0, 0)\" class=\"has-inline-color has-vivid-green-cyan-color\"><strong>Equilibre sur boule <\/strong><\/mark><\/p>\n<\/div><\/div>\n\n\n\n<ul style=\"font-size:25px\">\n<li><strong> <mark style=\"background-color:rgba(0, 0, 0, 0)\" class=\"has-inline-color has-luminous-vivid-amber-color\">MILLE-CLUBS<\/mark><\/strong> <strong><mark style=\"background-color:rgba(0, 0, 0, 0)\" class=\"has-inline-color has-luminous-vivid-amber-color\">Fayence<\/mark><\/strong><\/li>\n<\/ul>\n\n\n\n<p class=\"has-medium-font-size\"><strong>Le Mardi  de 17h00 \u00e0 18h00  &#8211;  d\u00e9butants 5\/7ans <\/strong><\/p>\n\n\n\n<p class=\"has-medium-font-size\"><strong>Le Mardi de 18h00 \u00e0 19h &#8211; interm\u00e9diaires  D\u00e8s 8 ans<\/strong><\/p>\n\n\n\n<p style=\"font-size:22px\"><strong>\u21d2<mark style=\"background-color:rgba(0, 0, 0, 0);color:#75d100\" class=\"has-inline-color\"> Emma VETILLARD <\/mark><mark style=\"background-color:rgba(0, 0, 0, 0)\" class=\"has-inline-color has-vivid-green-cyan-color\">: <\/mark>06 10 15 91 07 <\/strong><\/p>\n\n\n\n<h4 class=\"wp-block-heading has-vivid-purple-color has-text-color\" style=\"font-size:30px\"><strong>Tarif&nbsp;: 150<sup>\u20ac <\/sup>\/an + 25\u20ac adh\u00e9sion<\/strong> <strong>(- de 18 ans)<\/strong><\/h4>\n\n\n\n<h2 class=\"wp-block-heading\"><mark style=\"background-color:rgba(0, 0, 0, 0)\" class=\"has-inline-color has-vivid-red-color\">Le Cirque en images<\/mark><\/h2>\n\n\n\n<figure class=\"wp-block-gallery has-nested-images columns-default is-cropped wp-block-gallery-1 is-layout-flex\">\n<figure class=\"wp-block-image size-large\"><img decoding=\"async\" loading=\"lazy\" width=\"1024\" height=\"683\" data-id=\"2731\"  src=\"http:\/\/foyerruralfayencetourrettes.org\/wp-content\/uploads\/2023\/01\/cirque-1-1024x683.jpg\" alt=\"\" class=\"wp-image-2731\" srcset=\"http:\/\/foyerruralfayencetourrettes.org\/wp-content\/uploads\/2023\/01\/cirque-1-1024x683.jpg 1024w, http:\/\/foyerruralfayencetourrettes.org\/wp-content\/uploads\/2023\/01\/cirque-1-300x200.jpg 300w, http:\/\/foyerruralfayencetourrettes.org\/wp-content\/uploads\/2023\/01\/cirque-1-768x512.jpg 768w, http:\/\/foyerruralfayencetourrettes.org\/wp-content\/uploads\/2023\/01\/cirque-1-1536x1024.jpg 1536w, http:\/\/foyerruralfayencetourrettes.org\/wp-content\/uploads\/2023\/01\/cirque-1-2048x1365.jpg 2048w\" sizes=\"(max-width: 1024px) 100vw, 1024px\" \/><\/figure>\n\n\n\n<figure class=\"wp-block-image size-large\"><img decoding=\"async\" loading=\"lazy\" width=\"1024\" height=\"683\" data-id=\"2732\"  src=\"http:\/\/foyerruralfayencetourrettes.org\/wp-content\/uploads\/2023\/01\/cirque-2-1024x683.jpg\" alt=\"\" class=\"wp-image-2732\" srcset=\"http:\/\/foyerruralfayencetourrettes.org\/wp-content\/uploads\/2023\/01\/cirque-2-1024x683.jpg 1024w, http:\/\/foyerruralfayencetourrettes.org\/wp-content\/uploads\/2023\/01\/cirque-2-300x200.jpg 300w, http:\/\/foyerruralfayencetourrettes.org\/wp-content\/uploads\/2023\/01\/cirque-2-768x512.jpg 768w, http:\/\/foyerruralfayencetourrettes.org\/wp-content\/uploads\/2023\/01\/cirque-2-1536x1024.jpg 1536w, http:\/\/foyerruralfayencetourrettes.org\/wp-content\/uploads\/2023\/01\/cirque-2-2048x1365.jpg 2048w\" sizes=\"(max-width: 1024px) 100vw, 1024px\" \/><\/figure>\n\n\n\n<figure class=\"wp-block-image size-large\"><img decoding=\"async\" loading=\"lazy\" width=\"819\" height=\"1024\" data-id=\"2733\"  src=\"http:\/\/foyerruralfayencetourrettes.org\/wp-content\/uploads\/2023\/01\/cirque-3-819x1024.jpg\" alt=\"\" class=\"wp-image-2733\" srcset=\"http:\/\/foyerruralfayencetourrettes.org\/wp-content\/uploads\/2023\/01\/cirque-3-819x1024.jpg 819w, http:\/\/foyerruralfayencetourrettes.org\/wp-content\/uploads\/2023\/01\/cirque-3-240x300.jpg 240w, http:\/\/foyerruralfayencetourrettes.org\/wp-content\/uploads\/2023\/01\/cirque-3-768x960.jpg 768w, http:\/\/foyerruralfayencetourrettes.org\/wp-content\/uploads\/2023\/01\/cirque-3-1229x1536.jpg 1229w, http:\/\/foyerruralfayencetourrettes.org\/wp-content\/uploads\/2023\/01\/cirque-3-1639x2048.jpg 1639w, http:\/\/foyerruralfayencetourrettes.org\/wp-content\/uploads\/2023\/01\/cirque-3-scaled.jpg 2048w\" sizes=\"(max-width: 819px) 100vw, 819px\" \/><\/figure>\n\n\n\n<figure class=\"wp-block-image size-large\"><img decoding=\"async\" loading=\"lazy\" width=\"1024\" height=\"683\" data-id=\"2734\"  src=\"http:\/\/foyerruralfayencetourrettes.org\/wp-content\/uploads\/2023\/01\/cirque-4-1024x683.jpg\" alt=\"\" class=\"wp-image-2734\" srcset=\"http:\/\/foyerruralfayencetourrettes.org\/wp-content\/uploads\/2023\/01\/cirque-4-1024x683.jpg 1024w, http:\/\/foyerruralfayencetourrettes.org\/wp-content\/uploads\/2023\/01\/cirque-4-300x200.jpg 300w, http:\/\/foyerruralfayencetourrettes.org\/wp-content\/uploads\/2023\/01\/cirque-4-768x512.jpg 768w, http:\/\/foyerruralfayencetourrettes.org\/wp-content\/uploads\/2023\/01\/cirque-4-1536x1024.jpg 1536w, http:\/\/foyerruralfayencetourrettes.org\/wp-content\/uploads\/2023\/01\/cirque-4-2048x1365.jpg 2048w\" sizes=\"(max-width: 1024px) 100vw, 1024px\" \/><\/figure>\n\n\n\n<figure class=\"wp-block-image size-large\"><img decoding=\"async\" loading=\"lazy\" width=\"1024\" height=\"1024\" data-id=\"2737\"  src=\"http:\/\/foyerruralfayencetourrettes.org\/wp-content\/uploads\/2023\/01\/cirque-6-1024x1024.jpg\" alt=\"\" class=\"wp-image-2737\" srcset=\"http:\/\/foyerruralfayencetourrettes.org\/wp-content\/uploads\/2023\/01\/cirque-6-1024x1024.jpg 1024w, http:\/\/foyerruralfayencetourrettes.org\/wp-content\/uploads\/2023\/01\/cirque-6-300x300.jpg 300w, http:\/\/foyerruralfayencetourrettes.org\/wp-content\/uploads\/2023\/01\/cirque-6-150x150.jpg 150w, http:\/\/foyerruralfayencetourrettes.org\/wp-content\/uploads\/2023\/01\/cirque-6-768x768.jpg 768w, http:\/\/foyerruralfayencetourrettes.org\/wp-content\/uploads\/2023\/01\/cirque-6-1536x1536.jpg 1536w, http:\/\/foyerruralfayencetourrettes.org\/wp-content\/uploads\/2023\/01\/cirque-6-2048x2048.jpg 2048w, http:\/\/foyerruralfayencetourrettes.org\/wp-content\/uploads\/2023\/01\/cirque-6-180x180.jpg 180w\" sizes=\"(max-width: 1024px) 100vw, 1024px\" \/><\/figure>\n\n\n\n<figure class=\"wp-block-image size-large\"><img decoding=\"async\" loading=\"lazy\" width=\"1024\" height=\"683\" data-id=\"2736\"  src=\"http:\/\/foyerruralfayencetourrettes.org\/wp-content\/uploads\/2023\/01\/cirque-5-1024x683.jpg\" alt=\"\" class=\"wp-image-2736\" srcset=\"http:\/\/foyerruralfayencetourrettes.org\/wp-content\/uploads\/2023\/01\/cirque-5-1024x683.jpg 1024w, http:\/\/foyerruralfayencetourrettes.org\/wp-content\/uploads\/2023\/01\/cirque-5-300x200.jpg 300w, http:\/\/foyerruralfayencetourrettes.org\/wp-content\/uploads\/2023\/01\/cirque-5-768x512.jpg 768w, http:\/\/foyerruralfayencetourrettes.org\/wp-content\/uploads\/2023\/01\/cirque-5-1536x1024.jpg 1536w, http:\/\/foyerruralfayencetourrettes.org\/wp-content\/uploads\/2023\/01\/cirque-5-2048x1365.jpg 2048w\" sizes=\"(max-width: 1024px) 100vw, 1024px\" \/><\/figure>\n<\/figure>\n\n\n\n<p><\/p>\n","protected":false},"excerpt":{"rendered":"<p>Initiation Mime Jonglage Acrobaties Equilibre sur boule Le Mardi de 17h00 \u00e0 18h00 &#8211; d\u00e9butants 5\/7ans Le Mardi de 18h00 \u00e0 19h &#8211; interm\u00e9diaires D\u00e8s 8 ans \u21d2 Emma VETILLARD : 06 10 15 91 07 Tarif&nbsp;: 150\u20ac \/an + 25\u20ac adh\u00e9sion (- de 18 ans) Le Cirque en images<\/p>\n","protected":false},"author":1,"featured_media":0,"parent":139,"menu_order":3,"comment_status":"closed","ping_status":"closed","template":"","meta":[],"_links":{"self":[{"href":"http:\/\/foyerruralfayencetourrettes.org\/index.php\/wp-json\/wp\/v2\/pages\/2165"}],"collection":[{"href":"http:\/\/foyerruralfayencetourrettes.org\/index.php\/wp-json\/wp\/v2\/pages"}],"about":[{"href":"http:\/\/foyerruralfayencetourrettes.org\/index.php\/wp-json\/wp\/v2\/types\/page"}],"author":[{"embeddable":true,"href":"http:\/\/foyerruralfayencetourrettes.org\/index.php\/wp-json\/wp\/v2\/users\/1"}],"replies":[{"embeddable":true,"href":"http:\/\/foyerruralfayencetourrettes.org\/index.php\/wp-json\/wp\/v2\/comments?post=2165"}],"version-history":[{"count":16,"href":"http:\/\/foyerruralfayencetourrettes.org\/index.php\/wp-json\/wp\/v2\/pages\/2165\/revisions"}],"predecessor-version":[{"id":4521,"href":"http:\/\/foyerruralfayencetourrettes.org\/index.php\/wp-json\/wp\/v2\/pages\/2165\/revisions\/4521"}],"up":[{"embeddable":true,"href":"http:\/\/foyerruralfayencetourrettes.org\/index.php\/wp-json\/wp\/v2\/pages\/139"}],"wp:attachment":[{"href":"http:\/\/foyerruralfayencetourrettes.org\/index.php\/wp-json\/wp\/v2\/media?parent=2165"}],"curies":[{"name":"wp","href":"https:\/\/api.w.org\/{rel}","templated":true}]}}