{"id":227,"date":"2018-02-07T10:54:36","date_gmt":"2018-02-07T09:54:36","guid":{"rendered":"http:\/\/foyerruralfayencetourrettes.org\/?page_id=227"},"modified":"2025-09-15T21:57:29","modified_gmt":"2025-09-15T19:57:29","slug":"comment-adherer","status":"publish","type":"page","link":"http:\/\/foyerruralfayencetourrettes.org\/index.php\/adhesions\/comment-adherer\/","title":{"rendered":"COMMENT ADH\u00c9RER?"},"content":{"rendered":"\n<p><strong><mark style=\"background-color:rgba(0, 0, 0, 0)\" class=\"has-inline-color has-black-color\">L&rsquo;adh\u00e9sion est obligatoire pour toute activit\u00e9 pratiqu\u00e9e.<\/mark><\/strong>     <\/p>\n\n\n\n<p><strong>Merci de ne pas vous inscrire en ligne, tant que l&rsquo;animateur ne vous a pas confirm\u00e9 qu&rsquo;il reste de la place dans son activit\u00e9.<\/strong><\/p>\n\n\n\n<p class=\"has-text-align-left\">              <mark style=\"background-color:rgba(0, 0, 0, 0)\" class=\"has-inline-color has-vivid-cyan-blue-color\"><strong><a rel=\"noreferrer noopener\" href=\"http:\/\/foyerruralfayencetourrettes.org\/wp-content\/uploads\/2025\/07\/25-FR-Bulletin-Inscription-adulte-.pdf\" target=\"_blank\">Bulletin Adh\u00e9sion <\/a><a href=\"http:\/\/foyerruralfayencetourrettes.org\/wp-content\/uploads\/2025\/09\/25-FR-Bulletin-Inscription-adulte-25-.pdf\" target=\"_blank\" rel=\"noreferrer noopener\">Adultes <\/a><a rel=\"noreferrer noopener\" href=\"http:\/\/foyerruralfayencetourrettes.org\/wp-content\/uploads\/2025\/07\/25-FR-Bulletin-Inscription-adulte-.pdf\" target=\"_blank\">2025<\/a><\/strong><\/mark><\/p>\n\n\n\n<p class=\"has-text-align-left has-luminous-vivid-orange-color has-text-color\">              <strong><a href=\"http:\/\/foyerruralfayencetourrettes.org\/wp-content\/uploads\/2025\/07\/25-FR-Bulletin-Inscription-enfants-.pdf\" target=\"_blank\" rel=\"noreferrer noopener\">Bulletin Adh\u00e9sion Enfants 2025<\/a><\/strong><\/p>\n\n\n\n<p class=\"has-text-align-left has-luminous-vivid-orange-color has-text-color\">              <strong><mark style=\"background-color:rgba(0, 0, 0, 0)\" class=\"has-inline-color has-vivid-cyan-blue-color\"><a href=\"http:\/\/foyerruralfayencetourrettes.org\/wp-content\/uploads\/2025\/07\/25-FR-Bulletin-Inscription-animateurs-benevoles-.pdf\" target=\"_blank\" rel=\"noreferrer noopener\">Bulletin Adh\u00e9sion Animateurs 2025<\/a><\/mark><\/strong><\/p>\n\n\n<h2><span style=\"color: #99cc00;\"><strong>ADH\u00c9SION ANNUELLE 2025\/2026 :<\/strong><\/span><\/h2>\n<h3><strong><span style=\"color: #000000;\">Adulte: 30\u20ac\/an<br \/><\/span><\/strong><\/h3>\n<h3><strong><span style=\"color: #000000;\">Enfant &#8211; de 18 ans: 25\u20ac\/an<\/span><\/strong><\/h3>\n<h3><span style=\"color: #000000;\"><strong>Famille\u00a0 : 65\u20ac \/an (\u00e0 partir de 3 personnes d&rsquo;un m\u00eame foyer fiscal)\u00a0<\/strong><\/span><\/h3>\n<h3><strong><span style=\"color: #99cc00;\">Tarif des activit\u00e9s anim\u00e9es par des b\u00e9n\u00e9voles :\u00a0<\/span><\/strong><br \/><strong><span style=\"color: #000000;\">Adulte : 25\u20ac\/an et par activit\u00e9\u00a0<\/span><\/strong><br \/><strong><span style=\"color: #000000;\">Enfant : 5\u20ac\/an et par activit\u00e9<\/span><\/strong><\/h3>\n<h3><span style=\"color: #000000;\">Le premier cours d&rsquo;essai de chaque activit\u00e9 est gratuit.<\/span><\/h3>\n<h3><span style=\"color: #000000;\">Dans le cas o\u00f9 vous souhaitez participer \u00e0 plusieurs activit\u00e9s l&rsquo;adh\u00e9sion n&rsquo;est per\u00e7ue qu&rsquo;une seule fois<\/span><\/h3>\n<h3><span style=\"color: #000000;\">Certaines activit\u00e9s sont anim\u00e9es par des prestataires r\u00e9mun\u00e9r\u00e9s. Ces activit\u00e9s vous sont donc propos\u00e9es \u00e0 des tarifs sup\u00e9rieurs, mais toujours en minimisant le co\u00fbt, le plus possible.<\/span><\/h3>\n<h3><strong><span style=\"color: #99cc00;\">Tarif des activit\u00e9s anim\u00e9es par des prestataires :\u00a0<\/span><\/strong><br \/><span style=\"color: #000000;\"><strong>&#8211;<\/strong><\/span><span style=\"color: #000000;\"><strong>Anglais, Chorale, <\/strong><\/span><span style=\"color: #000000;\"><strong>Cirque, <\/strong><\/span><span style=\"color: #000000;\"><strong>Danse Hip Hop, <\/strong><\/span><span style=\"color: #000000;\"><strong>Dessin-gravure, Echecs, <\/strong><\/span><span style=\"color: #000000;\"><strong>Gym douce, Pilates, Sophrologie-Relaxation collective,<\/strong><\/span> <span style=\"color: #000000;\"><strong>Yoga<\/strong><\/span><span style=\"color: #000000;\"><strong>\u00a0 \u00a0 \u00a0 \u00a0 \u00a0 \u00a0 \u00a0 \u00a0 \u00a0 \u00a0 \u00a0 \u00a0 \u00a0 \u00a0 \u00a0 \u00a0 \u00a0 \u00a0 \u00a0 \u00a0 \u00a0 \u00a0 \u00a0 \u00a0 \u00a0 \u00a0\u00a0\u00a0 <\/strong><\/span><span style=\"color: #000000;\"><strong>:<\/strong><\/span> <span style=\"color: #000000;\"><strong>150 \u20ac \/an<\/strong> \u00a0(pour un total de 30 s\u00e9ances, soit 5\u20ac\/s\u00e9ance)<\/span><\/h3>\n<h4><strong>En vous inscrivant en ligne vous avez la possibilit\u00e9 de r\u00e9gler l\u2019activit\u00e9 en 3 fois\u00a0 \u00a0 \u00a0 \u00a0 \u00a0 \u00a0 \u00a0 \u00a0 \u00a0 \u00a0 \u00a0 \u00a0<\/strong>\u00a0 \u00a0 \u00a0 \u00a0 \u00a0 \u00a0 <strong>&#8211; 1<sup>er<\/sup> versement \u00e0 l&rsquo;inscription: adh\u00e9sion + 1er trimestre\u00a0 \u00a0 \u00a0 \u00a0 \u00a0 \u00a0 \u00a0 \u00a0 \u00a0 \u00a0 \u00a0 \u00a0 \u00a0 \u00a0 \u00a0 \u00a0 \u00a0 \u00a0 \u00a0 \u00a0 \u00a0 \u00a0 \u00a0 \u00a0 \u00a0 \u00a0 \u00a0 \u00a0 \u00a0 \u00a0 \u00a0 \u00a0 \u00a0 \u00a0 \u00a0 \u00a0 \u00a0 \u00a0 \u00a0 \u00a0 \u00a0 <\/strong><strong>&#8211; pr\u00e9l\u00e8vement au 1er janvier: 2eme trimestre\u00a0 \u00a0 \u00a0 \u00a0 \u00a0 \u00a0 \u00a0 \u00a0 \u00a0 \u00a0 \u00a0 \u00a0 \u00a0 \u00a0 \u00a0 \u00a0 \u00a0 \u00a0 \u00a0 \u00a0 \u00a0 \u00a0 \u00a0 \u00a0 \u00a0 \u00a0 \u00a0 \u00a0 \u00a0 \u00a0 \u00a0 \u00a0 \u00a0 \u00a0 \u00a0 \u00a0 \u00a0 \u00a0 \u00a0 \u00a0 \u00a0 \u00a0 \u00a0 \u00a0 \u00a0 \u00a0 \u00a0\u00a0 \u00a0 \u00a0\u00a0 \u00a0 \u00a0 \u00a0\u00a0 <\/strong><strong>&#8211; pr\u00e9l\u00e8vement au 1er avril:\u00a0 3eme trimestre\u00a0<\/strong><\/h4>\n<h4>Si la date de validit\u00e9 de votre carte bancaire ne couvre pas les 3 \u00e9ch\u00e9ances, Hello Asso vous enverra un message pour valider votre nouvelle CB, merci d\u2019y r\u00e9pondre spontan\u00e9ment.<\/h4>\n<h4 style=\"text-align: center;\"><a href=\"http:\/\/foyerruralfayencetourrettes.org\/wp-content\/uploads\/2024\/08\/mode-operatoire-paiement-en-ligne-FR-3-fois-24.pdf\" target=\"_blank\" rel=\"noopener\"><span style=\"color: #99cc00;\"><strong>Mode d\u2019emploi paiement en 3 fois en ligne\u00a0<\/strong><\/span><\/a><\/h4>\n<h4 style=\"text-align: center;\"><a href=\"http:\/\/foyerruralfayencetourrettes.org\/wp-content\/uploads\/2024\/08\/mode-operatoire-paiement-en-ligne-FR-1-fois-24.pdf\" target=\"_blank\" rel=\"noopener\"><span style=\"color: #99cc00;\"><strong>Mode d\u2019emploi paiement en 1 fois en lign<\/strong><\/span><span style=\"color: #99cc00;\"><strong>e\u00a0<\/strong><\/span><\/a><\/h4>\n<h2 style=\"text-align: center;\"><strong><a href=\"https:\/\/www.helloasso.com\/associations\/foyer-rural-fayence-tourrettes\" target=\"_blank\" rel=\"noopener\"><span style=\"color: #ff6600;\">Adh\u00e9rer en ligne<\/span><\/a><\/strong><\/h2>\n<h4 class=\"font_8\">Le Foyer Rural de Fayence Tourrettes est une Association <strong>reconnue d\u2019Int\u00e9r\u00eat G\u00e9n\u00e9ral<\/strong>, pouvant recevoir des dons et \u00e9mettre des re\u00e7us fiscaux donnant droit \u00e0 une d\u00e9duction d\u2019imp\u00f4ts.<\/h4>\n<p>\u00a0<\/p>\n<h2><strong><span style=\"color: #33cccc;\">NOS SALLES D&rsquo;ACTIVIT\u00c9S :<\/span><\/strong><\/h2>\n<ul>\n<li>\n<h3><span style=\"color: #99cc00;\"><strong>Mille Clubs<\/strong><\/span><\/h3>\n<\/li>\n<\/ul>\n<h4><span style=\"color: #000000;\"><em>77 Rue Comtesse de Villeneuve FAYENCE (\u00e0 c\u00f4t\u00e9 de l&rsquo;\u00e9cole primaire de la Ferrage)<\/em><\/span><\/h4>\n<ul>\n<li>\n<h3><strong><span style=\"color: #99cc00;\">Ancien Coll\u00e8ge\u00a0<\/span><\/strong><\/h3>\n<\/li>\n<\/ul>\n<h4><span style=\"color: #000000;\"><em>Derri\u00e8re la caserne de pompiers FAYENCE<\/em><\/span><\/h4>\n<ul>\n<li>\n<h3><strong><span style=\"color: #99cc00;\">Gymnase Intercommunal<\/span><\/strong><\/h3>\n<\/li>\n<\/ul>\n<h4><span style=\"color: #000000;\"><em>\u00c0 c\u00f4t\u00e9 du coll\u00e8ge de FAYENCE<\/em><\/span><\/h4>\n<ul>\n<li>\n<h3><strong><span style=\"color: #99cc00;\">Salle des Romarins -TOURRETTES<\/span><\/strong><\/h3>\n<\/li>\n<\/ul>\n<h4><span style=\"color: #000000;\"><em>63 all\u00e9e des Romarins TOURRETTES (\u00e0 cot\u00e9 du cimeti\u00e8re)<\/em><\/span><\/h4>","protected":false},"excerpt":{"rendered":"<p>L&rsquo;adh\u00e9sion est obligatoire pour toute activit\u00e9 pratiqu\u00e9e. Merci de ne pas vous inscrire en ligne, tant que l&rsquo;animateur ne vous a pas confirm\u00e9 qu&rsquo;il reste de la place dans son activit\u00e9. Bulletin Adh\u00e9sion Adultes 2025 Bulletin Adh\u00e9sion Enfants 2025 Bulletin Adh\u00e9sion Animateurs 2025 ADH\u00c9SION ANNUELLE 2025\/2026 : Adulte: 30\u20ac\/an Enfant &#8211; de 18 ans: 25\u20ac\/an&hellip; <a href=\"http:\/\/foyerruralfayencetourrettes.org\/index.php\/adhesions\/comment-adherer\/\" class=\"more-link\">Lire la suite <span class=\"screen-reader-text\">COMMENT ADH\u00c9RER?<\/span><\/a><\/p>\n","protected":false},"author":1,"featured_media":0,"parent":3033,"menu_order":1,"comment_status":"closed","ping_status":"closed","template":"","meta":[],"_links":{"self":[{"href":"http:\/\/foyerruralfayencetourrettes.org\/index.php\/wp-json\/wp\/v2\/pages\/227"}],"collection":[{"href":"http:\/\/foyerruralfayencetourrettes.org\/index.php\/wp-json\/wp\/v2\/pages"}],"about":[{"href":"http:\/\/foyerruralfayencetourrettes.org\/index.php\/wp-json\/wp\/v2\/types\/page"}],"author":[{"embeddable":true,"href":"http:\/\/foyerruralfayencetourrettes.org\/index.php\/wp-json\/wp\/v2\/users\/1"}],"replies":[{"embeddable":true,"href":"http:\/\/foyerruralfayencetourrettes.org\/index.php\/wp-json\/wp\/v2\/comments?post=227"}],"version-history":[{"count":97,"href":"http:\/\/foyerruralfayencetourrettes.org\/index.php\/wp-json\/wp\/v2\/pages\/227\/revisions"}],"predecessor-version":[{"id":4590,"href":"http:\/\/foyerruralfayencetourrettes.org\/index.php\/wp-json\/wp\/v2\/pages\/227\/revisions\/4590"}],"up":[{"embeddable":true,"href":"http:\/\/foyerruralfayencetourrettes.org\/index.php\/wp-json\/wp\/v2\/pages\/3033"}],"wp:attachment":[{"href":"http:\/\/foyerruralfayencetourrettes.org\/index.php\/wp-json\/wp\/v2\/media?parent=227"}],"curies":[{"name":"wp","href":"https:\/\/api.w.org\/{rel}","templated":true}]}}