{"id":2302,"date":"2022-08-19T23:21:10","date_gmt":"2022-08-19T21:21:10","guid":{"rendered":"http:\/\/foyerruralfayencetourrettes.org\/?page_id=2302"},"modified":"2025-07-22T22:27:56","modified_gmt":"2025-07-22T20:27:56","slug":"le-moulin-a-paroles","status":"publish","type":"page","link":"http:\/\/foyerruralfayencetourrettes.org\/index.php\/galerie-photos\/le-moulin-a-paroles\/","title":{"rendered":"LE MOULIN A PAROLE"},"content":{"rendered":"\n<figure class=\"wp-block-image size-full\"><img decoding=\"async\" loading=\"lazy\" width=\"705\" height=\"1000\" src=\"http:\/\/foyerruralfayencetourrettes.org\/wp-content\/uploads\/2025\/07\/brochure10.jpg\" alt=\"\" class=\"wp-image-4465\" srcset=\"http:\/\/foyerruralfayencetourrettes.org\/wp-content\/uploads\/2025\/07\/brochure10.jpg 705w, http:\/\/foyerruralfayencetourrettes.org\/wp-content\/uploads\/2025\/07\/brochure10-212x300.jpg 212w\" sizes=\"(max-width: 705px) 100vw, 705px\" \/><\/figure>\n\n\n\n<p><\/p>\n\n\n\n<p><strong>Tarifs <\/strong>:<\/p>\n\n\n\n<p> <strong>Spectacles jeune public : Enfants (- de 18 ans) 3\u20ac  \/ Adultes 6\u20ac<\/strong> <strong>\/ Gratuit pour les enfants ayant d\u00e9j\u00e0 vu le spectacle en scolaire<\/strong><\/p>\n\n\n\n<p><strong>Lectures th\u00e9\u00e2tralis\u00e9es : Au chapeau <\/strong><\/p>\n\n\n\n<p><\/p>\n","protected":false},"excerpt":{"rendered":"<p>Tarifs : Spectacles jeune public : Enfants (- de 18 ans) 3\u20ac \/ Adultes 6\u20ac \/ Gratuit pour les enfants ayant d\u00e9j\u00e0 vu le spectacle en scolaire Lectures th\u00e9\u00e2tralis\u00e9es : Au chapeau<\/p>\n","protected":false},"author":1,"featured_media":0,"parent":55,"menu_order":2,"comment_status":"closed","ping_status":"closed","template":"","meta":[],"_links":{"self":[{"href":"http:\/\/foyerruralfayencetourrettes.org\/index.php\/wp-json\/wp\/v2\/pages\/2302"}],"collection":[{"href":"http:\/\/foyerruralfayencetourrettes.org\/index.php\/wp-json\/wp\/v2\/pages"}],"about":[{"href":"http:\/\/foyerruralfayencetourrettes.org\/index.php\/wp-json\/wp\/v2\/types\/page"}],"author":[{"embeddable":true,"href":"http:\/\/foyerruralfayencetourrettes.org\/index.php\/wp-json\/wp\/v2\/users\/1"}],"replies":[{"embeddable":true,"href":"http:\/\/foyerruralfayencetourrettes.org\/index.php\/wp-json\/wp\/v2\/comments?post=2302"}],"version-history":[{"count":12,"href":"http:\/\/foyerruralfayencetourrettes.org\/index.php\/wp-json\/wp\/v2\/pages\/2302\/revisions"}],"predecessor-version":[{"id":4466,"href":"http:\/\/foyerruralfayencetourrettes.org\/index.php\/wp-json\/wp\/v2\/pages\/2302\/revisions\/4466"}],"up":[{"embeddable":true,"href":"http:\/\/foyerruralfayencetourrettes.org\/index.php\/wp-json\/wp\/v2\/pages\/55"}],"wp:attachment":[{"href":"http:\/\/foyerruralfayencetourrettes.org\/index.php\/wp-json\/wp\/v2\/media?parent=2302"}],"curies":[{"name":"wp","href":"https:\/\/api.w.org\/{rel}","templated":true}]}}