{"id":378,"date":"2018-02-21T11:22:25","date_gmt":"2018-02-21T10:22:25","guid":{"rendered":"http:\/\/foyerruralfayencetourrettes.org\/?page_id=378"},"modified":"2023-07-12T12:51:20","modified_gmt":"2023-07-12T10:51:20","slug":"nos-40-ans-2","status":"publish","type":"page","link":"http:\/\/foyerruralfayencetourrettes.org\/index.php\/qui-sommes-nous\/nos-40-ans-2\/","title":{"rendered":"NOS 40 ANS"},"content":{"rendered":"<h3><span style=\"color: #000000;\"><img decoding=\"async\" loading=\"lazy\" class=\"alignnone size-medium wp-image-401\" src=\"http:\/\/foyerruralfayencetourrettes.org\/wp-content\/uploads\/2018\/02\/cultureok.jpg\" alt=\"\" width=\"1\" height=\"1\"><img decoding=\"async\" loading=\"lazy\" class=\" wp-image-405 aligncenter\" src=\"http:\/\/foyerruralfayencetourrettes.org\/wp-content\/uploads\/2018\/02\/Affiche-40-ans-214x300.jpg\" alt=\"\" width=\"395\" height=\"552\" srcset=\"http:\/\/foyerruralfayencetourrettes.org\/wp-content\/uploads\/2018\/02\/Affiche-40-ans-214x300.jpg 214w, http:\/\/foyerruralfayencetourrettes.org\/wp-content\/uploads\/2018\/02\/Affiche-40-ans.jpg 686w\" sizes=\"(max-width: 395px) 100vw, 395px\" \/><\/span><\/h3>\n<h3><span style=\"color: #000000;\">En 2017 le FOYER RURAL de FAYENCE TOURRETTES a eu 40 ans !<\/span><\/h3>\n<h3><span style=\"color: #000000;\">\u00ab\u00a0\u2026 Et oui !! 40 ans d\u00e9j\u00e0 ! 40 ans d\u2019une histoire qui est celle de nous tous. Celle de l\u2019Educ Pop, de la rencontre, de l\u2019initiative, des \u00e9changes, de la Culture, Des Cultures ! <\/span><\/h3>\n<h3><span style=\"color: #000000;\">L\u2019histoire d\u2019hommes et de femmes qui, tour \u00e0 tour, ont \u0153uvr\u00e9 dans le sens de la diversit\u00e9, de la solidarit\u00e9, du plaisir d\u2019\u00eatre ensemble&nbsp;; de faire ensemble une soci\u00e9t\u00e9 plus color\u00e9e, plus juste, plus humaine.<\/span><\/h3>\n<h3><span style=\"color: #000000;\"> L\u2019histoire d\u2019un foyer qui s\u2019est construit pas \u00e0 pas avec l\u2019\u00e9nergie de ces individus hors normes que l\u2019on appelle des b\u00e9n\u00e9voles.<\/span><\/h3>\n<h3><span style=\"color: #000000;\">Cette f\u00eate est la n\u00f4tre, la v\u00f4tre et on a eu envie de partager avec tous la joie d\u2019\u00eatre r\u00e9uni(e)s autour de nos valeurs. Ces valeurs humanistes et fraternelles plus importantes que jamais qui nous rassemblent au-del\u00e0 de toutes nos diff\u00e9rences.<\/span><\/h3>\n<h3><span style=\"color: #000000;\">Nous avons aussi voulu nous questionner sur ce qui nous pousse \u00e0 devenir b\u00e9n\u00e9vole et comment le b\u00e9n\u00e9volat a \u00e9volu\u00e9 pendant 40 ans. Tout le travail de m\u00e9moire, tr\u00e8s enrichissant pour tous, fait pendant des mois, a permis d\u2019\u00e9changer sur cela entre les plus anciens et les nouveaux arrivants.<\/span><\/h3>\n<h3><span style=\"color: #000000;\">Alors on a \u0153uvr\u00e9 tous ensemble pour concocter un Grand Moment d\u2019Education Populaire. Gr\u00e2ce \u00e0 l\u2019\u00e9nergie de tous les b\u00e9n\u00e9voles, on a pu proposer des expos, de la m\u00e9moire, des ateliers, du don, de la musique, des bons petits plats, du sport, de l\u2019Art, des mots, des rires\u2026<\/span><\/h3>\n<h3><span style=\"color: #000000;\">Tout un programme pour r\u00e9galer autant que nous nous sommes r\u00e9gal\u00e9s \u00e0 le pr\u00e9parer.<\/span><\/h3>\n<h3><span style=\"color: #000000;\">Amis de toujours ou d\u2019un jour, merci d\u2019avoir pouss\u00e9 la porte du Foyer pour venir partager&nbsp;!!!<\/span><\/h3>\n<h3><span style=\"color: #000000;\">C\u2019est ce que nous savons faire de mieux\u2026\u00a0\u00bb<\/span><\/h3>\n<h3>&nbsp;<em><span style=\"color: #000000;\">+ Coralie Courtois Secr\u00e9taire du Foyer Rural \/ FDFR 83\/06<\/span><\/em><\/h3>\n<p><img decoding=\"async\" loading=\"lazy\" class=\"wp-image-382 alignleft\" src=\"http:\/\/foyerruralfayencetourrettes.org\/wp-content\/uploads\/2018\/02\/Article-de-presse-40-ans--300x196.jpg\" alt=\"\" width=\"911\" height=\"595\" srcset=\"http:\/\/foyerruralfayencetourrettes.org\/wp-content\/uploads\/2018\/02\/Article-de-presse-40-ans--300x196.jpg 300w, http:\/\/foyerruralfayencetourrettes.org\/wp-content\/uploads\/2018\/02\/Article-de-presse-40-ans--768x501.jpg 768w, http:\/\/foyerruralfayencetourrettes.org\/wp-content\/uploads\/2018\/02\/Article-de-presse-40-ans--1024x668.jpg 1024w\" sizes=\"(max-width: 911px) 100vw, 911px\" \/><\/p>\n<p><img decoding=\"async\" loading=\"lazy\" class=\"alignnone wp-image-380\" src=\"http:\/\/foyerruralfayencetourrettes.org\/wp-content\/uploads\/2018\/02\/Photos-40-ans-FR-300x169.jpg\" alt=\"\" width=\"334\" height=\"189\" srcset=\"http:\/\/foyerruralfayencetourrettes.org\/wp-content\/uploads\/2018\/02\/Photos-40-ans-FR-300x169.jpg 300w, http:\/\/foyerruralfayencetourrettes.org\/wp-content\/uploads\/2018\/02\/Photos-40-ans-FR-768x432.jpg 768w, http:\/\/foyerruralfayencetourrettes.org\/wp-content\/uploads\/2018\/02\/Photos-40-ans-FR-1024x576.jpg 1024w\" sizes=\"(max-width: 334px) 100vw, 334px\" \/> <img decoding=\"async\" loading=\"lazy\" class=\"alignnone wp-image-387\" src=\"http:\/\/foyerruralfayencetourrettes.org\/wp-content\/uploads\/2018\/02\/Photo-40-ans-2-300x169.jpg\" alt=\"\" width=\"329\" height=\"185\" srcset=\"http:\/\/foyerruralfayencetourrettes.org\/wp-content\/uploads\/2018\/02\/Photo-40-ans-2-300x169.jpg 300w, http:\/\/foyerruralfayencetourrettes.org\/wp-content\/uploads\/2018\/02\/Photo-40-ans-2-768x432.jpg 768w, http:\/\/foyerruralfayencetourrettes.org\/wp-content\/uploads\/2018\/02\/Photo-40-ans-2-1024x576.jpg 1024w\" sizes=\"(max-width: 329px) 100vw, 329px\" \/> <img decoding=\"async\" loading=\"lazy\" class=\"alignnone wp-image-388\" src=\"http:\/\/foyerruralfayencetourrettes.org\/wp-content\/uploads\/2018\/02\/Photo-40-ans-4-300x169.jpg\" alt=\"\" width=\"334\" height=\"188\" srcset=\"http:\/\/foyerruralfayencetourrettes.org\/wp-content\/uploads\/2018\/02\/Photo-40-ans-4-300x169.jpg 300w, http:\/\/foyerruralfayencetourrettes.org\/wp-content\/uploads\/2018\/02\/Photo-40-ans-4-768x432.jpg 768w, http:\/\/foyerruralfayencetourrettes.org\/wp-content\/uploads\/2018\/02\/Photo-40-ans-4-1024x576.jpg 1024w\" sizes=\"(max-width: 334px) 100vw, 334px\" \/> <img decoding=\"async\" loading=\"lazy\" class=\"alignnone wp-image-389\" src=\"http:\/\/foyerruralfayencetourrettes.org\/wp-content\/uploads\/2018\/02\/Photo-40-ans-5-300x169.jpg\" alt=\"\" width=\"332\" height=\"188\" srcset=\"http:\/\/foyerruralfayencetourrettes.org\/wp-content\/uploads\/2018\/02\/Photo-40-ans-5-300x169.jpg 300w, http:\/\/foyerruralfayencetourrettes.org\/wp-content\/uploads\/2018\/02\/Photo-40-ans-5-768x432.jpg 768w, http:\/\/foyerruralfayencetourrettes.org\/wp-content\/uploads\/2018\/02\/Photo-40-ans-5-1024x576.jpg 1024w\" sizes=\"(max-width: 332px) 100vw, 332px\" \/> <img decoding=\"async\" loading=\"lazy\" class=\"alignnone wp-image-390\" src=\"http:\/\/foyerruralfayencetourrettes.org\/wp-content\/uploads\/2018\/02\/Photo-40-ans-6-300x169.jpg\" alt=\"\" width=\"331\" height=\"188\"> <img decoding=\"async\" loading=\"lazy\" class=\"alignnone wp-image-391\" src=\"http:\/\/foyerruralfayencetourrettes.org\/wp-content\/uploads\/2018\/02\/Photos-40-ans-3-300x169.jpg\" alt=\"\" width=\"338\" height=\"190\" srcset=\"http:\/\/foyerruralfayencetourrettes.org\/wp-content\/uploads\/2018\/02\/Photos-40-ans-3-300x169.jpg 300w, http:\/\/foyerruralfayencetourrettes.org\/wp-content\/uploads\/2018\/02\/Photos-40-ans-3-768x432.jpg 768w, http:\/\/foyerruralfayencetourrettes.org\/wp-content\/uploads\/2018\/02\/Photos-40-ans-3-1024x576.jpg 1024w\" sizes=\"(max-width: 338px) 100vw, 338px\" \/> <img decoding=\"async\" loading=\"lazy\" class=\"size-medium wp-image-400 aligncenter\" src=\"http:\/\/foyerruralfayencetourrettes.org\/wp-content\/uploads\/2018\/02\/MACCARON-40-ANS-300x300.png\" alt=\"\" width=\"300\" height=\"300\" srcset=\"http:\/\/foyerruralfayencetourrettes.org\/wp-content\/uploads\/2018\/02\/MACCARON-40-ANS-300x300.png 300w, http:\/\/foyerruralfayencetourrettes.org\/wp-content\/uploads\/2018\/02\/MACCARON-40-ANS-150x150.png 150w, http:\/\/foyerruralfayencetourrettes.org\/wp-content\/uploads\/2018\/02\/MACCARON-40-ANS-768x768.png 768w, http:\/\/foyerruralfayencetourrettes.org\/wp-content\/uploads\/2018\/02\/MACCARON-40-ANS-1024x1024.png 1024w, http:\/\/foyerruralfayencetourrettes.org\/wp-content\/uploads\/2018\/02\/MACCARON-40-ANS-180x180.png 180w\" sizes=\"(max-width: 300px) 100vw, 300px\" \/><\/p>\n","protected":false},"excerpt":{"rendered":"<p>En 2017 le FOYER RURAL de FAYENCE TOURRETTES a eu 40 ans ! \u00ab\u00a0\u2026 Et oui !! 40 ans d\u00e9j\u00e0 ! 40 ans d\u2019une histoire qui est celle de nous tous. Celle de l\u2019Educ Pop, de la rencontre, de l\u2019initiative, des \u00e9changes, de la Culture, Des Cultures ! L\u2019histoire d\u2019hommes et de femmes qui, tour&hellip; <a href=\"http:\/\/foyerruralfayencetourrettes.org\/index.php\/qui-sommes-nous\/nos-40-ans-2\/\" class=\"more-link\">Lire la suite <span class=\"screen-reader-text\">NOS 40 ANS<\/span><\/a><\/p>\n","protected":false},"author":1,"featured_media":0,"parent":84,"menu_order":7,"comment_status":"closed","ping_status":"closed","template":"","meta":[],"_links":{"self":[{"href":"http:\/\/foyerruralfayencetourrettes.org\/index.php\/wp-json\/wp\/v2\/pages\/378"}],"collection":[{"href":"http:\/\/foyerruralfayencetourrettes.org\/index.php\/wp-json\/wp\/v2\/pages"}],"about":[{"href":"http:\/\/foyerruralfayencetourrettes.org\/index.php\/wp-json\/wp\/v2\/types\/page"}],"author":[{"embeddable":true,"href":"http:\/\/foyerruralfayencetourrettes.org\/index.php\/wp-json\/wp\/v2\/users\/1"}],"replies":[{"embeddable":true,"href":"http:\/\/foyerruralfayencetourrettes.org\/index.php\/wp-json\/wp\/v2\/comments?post=378"}],"version-history":[{"count":6,"href":"http:\/\/foyerruralfayencetourrettes.org\/index.php\/wp-json\/wp\/v2\/pages\/378\/revisions"}],"predecessor-version":[{"id":2953,"href":"http:\/\/foyerruralfayencetourrettes.org\/index.php\/wp-json\/wp\/v2\/pages\/378\/revisions\/2953"}],"up":[{"embeddable":true,"href":"http:\/\/foyerruralfayencetourrettes.org\/index.php\/wp-json\/wp\/v2\/pages\/84"}],"wp:attachment":[{"href":"http:\/\/foyerruralfayencetourrettes.org\/index.php\/wp-json\/wp\/v2\/media?parent=378"}],"curies":[{"name":"wp","href":"https:\/\/api.w.org\/{rel}","templated":true}]}}