{"id":4120,"date":"2024-09-09T15:45:44","date_gmt":"2024-09-09T13:45:44","guid":{"rendered":"http:\/\/foyerruralfayencetourrettes.org\/?page_id=4120"},"modified":"2025-07-30T20:08:25","modified_gmt":"2025-07-30T18:08:25","slug":"aquarelle-en-anglais","status":"publish","type":"page","link":"http:\/\/foyerruralfayencetourrettes.org\/index.php\/activites\/creations\/aquarelle-en-anglais\/","title":{"rendered":"AQUARELLE (en anglais)"},"content":{"rendered":"\n<div class=\"wp-block-media-text alignwide is-stacked-on-mobile\" style=\"grid-template-columns:33% auto\"><figure class=\"wp-block-media-text__media\"><img decoding=\"async\" loading=\"lazy\" width=\"752\" height=\"1024\" src=\"http:\/\/foyerruralfayencetourrettes.org\/wp-content\/uploads\/2024\/09\/aquraelle-def-752x1024.png\" alt=\"\" class=\"wp-image-4121 size-full\" srcset=\"http:\/\/foyerruralfayencetourrettes.org\/wp-content\/uploads\/2024\/09\/aquraelle-def-752x1024.png 752w, http:\/\/foyerruralfayencetourrettes.org\/wp-content\/uploads\/2024\/09\/aquraelle-def-220x300.png 220w, http:\/\/foyerruralfayencetourrettes.org\/wp-content\/uploads\/2024\/09\/aquraelle-def-768x1046.png 768w, http:\/\/foyerruralfayencetourrettes.org\/wp-content\/uploads\/2024\/09\/aquraelle-def.png 1109w\" sizes=\"(max-width: 752px) 100vw, 752px\" \/><\/figure><div class=\"wp-block-media-text__content\">\n<p class=\"has-vivid-red-color has-text-color\" style=\"font-size:30px\"><strong>D\u00e9butants <\/strong><\/p>\n\n\n\n<p class=\"has-vivid-red-color has-text-color\" style=\"font-size:30px\"><strong>Interm\u00e9diaire<\/strong><\/p>\n<\/div><\/div>\n\n\n<ul>\n<li>\n<h2><span style=\"color: #0000ff;\"><strong><span style=\"color: #3366ff;\">AQUARELLE &#8211; <span style=\"color: #ff9900;\">Ancien Coll\u00e8ge<\/span>\u00a0 <span style=\"color: #ff9900;\">Fayence<\/span><\/span><\/strong><\/span><\/h2>\n<\/li>\n<\/ul>\n<h3><strong><span style=\"color: #000000;\">Le vendredi de 10h30 \u00e0 12h30 &#8211;\u00a0 D\u00e9butants<\/span><\/strong><\/h3>\n<h3>\u00a0 \u00a0 \u00a0 \u00a0 \u00a0 \u00a0 \u00a0 \u00a0 \u00a0 \u00a0 <strong>de 14h00 \u00e0 16h00\u00a0 &#8211; Interm\u00e9diaire<\/strong><\/h3>\n<h2><strong><span style=\"color: #99cc00;\">\u21d2 Mary SHIN :\u00a0 \u00a0<\/span><\/strong><strong>06 30 20 89 22<\/strong><\/h2>\n<h3><strong>Tarif : 25<sup>\u20ac <\/sup>\/an + 30\u20ac adh\u00e9sion<\/strong><\/h3>\n\n\n<h2 class=\"wp-block-heading\">L&rsquo;AQUARELLE EN IMAGES<\/h2>\n\n\n\n<figure class=\"wp-block-gallery has-nested-images columns-default is-cropped wp-block-gallery-1 is-layout-flex\">\n<figure class=\"wp-block-image size-large\"><img decoding=\"async\" loading=\"lazy\" width=\"710\" height=\"1024\" data-id=\"4473\"  src=\"http:\/\/foyerruralfayencetourrettes.org\/wp-content\/uploads\/2025\/07\/animal7-710x1024.jpeg\" alt=\"\" class=\"wp-image-4473\" srcset=\"http:\/\/foyerruralfayencetourrettes.org\/wp-content\/uploads\/2025\/07\/animal7-710x1024.jpeg 710w, http:\/\/foyerruralfayencetourrettes.org\/wp-content\/uploads\/2025\/07\/animal7-208x300.jpeg 208w, http:\/\/foyerruralfayencetourrettes.org\/wp-content\/uploads\/2025\/07\/animal7-768x1108.jpeg 768w, http:\/\/foyerruralfayencetourrettes.org\/wp-content\/uploads\/2025\/07\/animal7.jpeg 887w\" sizes=\"(max-width: 710px) 100vw, 710px\" \/><\/figure>\n\n\n\n<figure class=\"wp-block-image size-large\"><img decoding=\"async\" loading=\"lazy\" width=\"1024\" height=\"714\" data-id=\"4474\"  src=\"http:\/\/foyerruralfayencetourrettes.org\/wp-content\/uploads\/2025\/07\/animal9-1024x714.jpeg\" alt=\"\" class=\"wp-image-4474\" srcset=\"http:\/\/foyerruralfayencetourrettes.org\/wp-content\/uploads\/2025\/07\/animal9-1024x714.jpeg 1024w, http:\/\/foyerruralfayencetourrettes.org\/wp-content\/uploads\/2025\/07\/animal9-300x209.jpeg 300w, http:\/\/foyerruralfayencetourrettes.org\/wp-content\/uploads\/2025\/07\/animal9-768x536.jpeg 768w, http:\/\/foyerruralfayencetourrettes.org\/wp-content\/uploads\/2025\/07\/animal9.jpeg 1280w\" sizes=\"(max-width: 1024px) 100vw, 1024px\" \/><\/figure>\n\n\n\n<figure class=\"wp-block-image size-large\"><img decoding=\"async\" loading=\"lazy\" width=\"748\" height=\"1024\" data-id=\"4471\"  src=\"http:\/\/foyerruralfayencetourrettes.org\/wp-content\/uploads\/2025\/07\/thumbnail_animal3-748x1024.jpg\" alt=\"\" class=\"wp-image-4471\" srcset=\"http:\/\/foyerruralfayencetourrettes.org\/wp-content\/uploads\/2025\/07\/thumbnail_animal3-748x1024.jpg 748w, http:\/\/foyerruralfayencetourrettes.org\/wp-content\/uploads\/2025\/07\/thumbnail_animal3-219x300.jpg 219w, http:\/\/foyerruralfayencetourrettes.org\/wp-content\/uploads\/2025\/07\/thumbnail_animal3-768x1051.jpg 768w, http:\/\/foyerruralfayencetourrettes.org\/wp-content\/uploads\/2025\/07\/thumbnail_animal3.jpg 935w\" sizes=\"(max-width: 748px) 100vw, 748px\" \/><\/figure>\n\n\n\n<figure class=\"wp-block-image size-large\"><img decoding=\"async\" loading=\"lazy\" width=\"714\" height=\"1024\" data-id=\"4475\"  src=\"http:\/\/foyerruralfayencetourrettes.org\/wp-content\/uploads\/2025\/07\/thumbnail_animal5-714x1024.jpg\" alt=\"\" class=\"wp-image-4475\" srcset=\"http:\/\/foyerruralfayencetourrettes.org\/wp-content\/uploads\/2025\/07\/thumbnail_animal5-714x1024.jpg 714w, http:\/\/foyerruralfayencetourrettes.org\/wp-content\/uploads\/2025\/07\/thumbnail_animal5-209x300.jpg 209w, http:\/\/foyerruralfayencetourrettes.org\/wp-content\/uploads\/2025\/07\/thumbnail_animal5-768x1102.jpg 768w, http:\/\/foyerruralfayencetourrettes.org\/wp-content\/uploads\/2025\/07\/thumbnail_animal5.jpg 892w\" sizes=\"(max-width: 714px) 100vw, 714px\" \/><\/figure>\n\n\n\n<figure class=\"wp-block-image size-large\"><img decoding=\"async\" loading=\"lazy\" width=\"718\" height=\"1024\" data-id=\"4472\"  src=\"http:\/\/foyerruralfayencetourrettes.org\/wp-content\/uploads\/2025\/07\/thumbnail_last-statuanimal1t-718x1024.jpg\" alt=\"\" class=\"wp-image-4472\" srcset=\"http:\/\/foyerruralfayencetourrettes.org\/wp-content\/uploads\/2025\/07\/thumbnail_last-statuanimal1t-718x1024.jpg 718w, http:\/\/foyerruralfayencetourrettes.org\/wp-content\/uploads\/2025\/07\/thumbnail_last-statuanimal1t-210x300.jpg 210w, http:\/\/foyerruralfayencetourrettes.org\/wp-content\/uploads\/2025\/07\/thumbnail_last-statuanimal1t-768x1095.jpg 768w, http:\/\/foyerruralfayencetourrettes.org\/wp-content\/uploads\/2025\/07\/thumbnail_last-statuanimal1t.jpg 898w\" sizes=\"(max-width: 718px) 100vw, 718px\" \/><\/figure>\n<\/figure>\n\n\n\n<p><\/p>\n","protected":false},"excerpt":{"rendered":"<p>D\u00e9butants Interm\u00e9diaire AQUARELLE &#8211; Ancien Coll\u00e8ge\u00a0 Fayence Le vendredi de 10h30 \u00e0 12h30 &#8211;\u00a0 D\u00e9butants \u00a0 \u00a0 \u00a0 \u00a0 \u00a0 \u00a0 \u00a0 \u00a0 \u00a0 \u00a0 de 14h00 \u00e0 16h00\u00a0 &#8211; Interm\u00e9diaire \u21d2 Mary SHIN :\u00a0 \u00a006 30 20 89 22 Tarif : 25\u20ac \/an + 30\u20ac adh\u00e9sion L&rsquo;AQUARELLE EN IMAGES<\/p>\n","protected":false},"author":1,"featured_media":0,"parent":812,"menu_order":1,"comment_status":"closed","ping_status":"closed","template":"","meta":[],"_links":{"self":[{"href":"http:\/\/foyerruralfayencetourrettes.org\/index.php\/wp-json\/wp\/v2\/pages\/4120"}],"collection":[{"href":"http:\/\/foyerruralfayencetourrettes.org\/index.php\/wp-json\/wp\/v2\/pages"}],"about":[{"href":"http:\/\/foyerruralfayencetourrettes.org\/index.php\/wp-json\/wp\/v2\/types\/page"}],"author":[{"embeddable":true,"href":"http:\/\/foyerruralfayencetourrettes.org\/index.php\/wp-json\/wp\/v2\/users\/1"}],"replies":[{"embeddable":true,"href":"http:\/\/foyerruralfayencetourrettes.org\/index.php\/wp-json\/wp\/v2\/comments?post=4120"}],"version-history":[{"count":3,"href":"http:\/\/foyerruralfayencetourrettes.org\/index.php\/wp-json\/wp\/v2\/pages\/4120\/revisions"}],"predecessor-version":[{"id":4476,"href":"http:\/\/foyerruralfayencetourrettes.org\/index.php\/wp-json\/wp\/v2\/pages\/4120\/revisions\/4476"}],"up":[{"embeddable":true,"href":"http:\/\/foyerruralfayencetourrettes.org\/index.php\/wp-json\/wp\/v2\/pages\/812"}],"wp:attachment":[{"href":"http:\/\/foyerruralfayencetourrettes.org\/index.php\/wp-json\/wp\/v2\/media?parent=4120"}],"curies":[{"name":"wp","href":"https:\/\/api.w.org\/{rel}","templated":true}]}}