{"id":446,"date":"2018-03-15T14:59:56","date_gmt":"2018-03-15T13:59:56","guid":{"rendered":"http:\/\/foyerruralfayencetourrettes.org\/?page_id=446"},"modified":"2025-08-10T19:21:30","modified_gmt":"2025-08-10T17:21:30","slug":"chorale","status":"publish","type":"page","link":"http:\/\/foyerruralfayencetourrettes.org\/index.php\/activites\/art-culture\/chorale\/","title":{"rendered":"CHORALE \u00ab\u00a0A TRAVERS CHANTS\u00a0\u00bb"},"content":{"rendered":"<h3 style=\"text-align: left;\">Chants choral, concerts<\/h3>\n<h3 class=\"font_7\"><span style=\"color: #000000;\">La chorale du Foyer rural, \u00ab\u00a0A Travers Chants\u00a0\u00bb est r\u00e9partie en quatre pupitres, soprano, alti, t\u00e9nor et basse.<\/span><\/h3>\n<h3 class=\"font_7\"><span style=\"color: #000000;\">Elle est dirig\u00e9e par S\u00e9bastien Maillot, chef de ch\u0153ur exp\u00e9riment\u00e9.<\/span><\/h3>\n<h3 class=\"font_7\"><span style=\"color: #000000;\">Le r\u00e9pertoire est vari\u00e9. Il va du chant sacr\u00e9 au contemporain en passant par le renaissance, le gospel, les no\u00ebls, etc\u2026<\/span><\/h3>\n<h3 class=\"font_7\"><span style=\"color: #000000;\">Chaque ann\u00e9e, environ huit concerts publics sont donn\u00e9s dans le canton de Fayence et dans les d\u00e9partements limitrophes.<\/span><\/h3>\n<h3 class=\"font_7\"><span style=\"color: #000000;\">L\u2019ambiance y est sympathique et d\u00e9contract\u00e9e, mais studieuse.<\/span><\/h3>\n<h3 class=\"font_7\"><span style=\"color: #000000;\">Si vous aimez chanter, n\u2019h\u00e9sitez plus, venez joindre votre voix aux n\u00f4tres. Nous vous attendons.<\/span><\/h3>\n<h3 class=\"font_7\"><span style=\"color: #000000;\">Chanter dans une chorale est un vrai plaisir partag\u00e9 !<\/span><\/h3>\n<ul>\n<li>\n<h2><span style=\"color: #0000ff;\"><strong><span style=\"color: #3366ff;\">CHORALE \u00ab\u00a0A Travers Chants\u00a0\u00bb\u00a0<\/span><span style=\"color: #808000;\"><span style=\"color: #3366ff;\">&#8211;<\/span> <span style=\"color: #ff6600;\">Mille Clubs\u00a0 Fayence<\/span><\/span><\/strong><\/span><\/h2>\n<\/li>\n<\/ul>\n<h3><strong><span style=\"color: #000000;\">Le lundi de 18h45 \u00e0 21h00 <\/span><\/strong><\/h3>\n<h3><strong><span style=\"color: #99cc00;\">\u21d2\u00a0Annie DELHOUME: 04 94 76 14 71<\/span><\/strong><\/h3>\n<h3><span style=\"color: #99cc00;\">sous la Direction de S\u00e9bastien MAILLOT<\/span><\/h3>\n<h2><span style=\"color: #a37acc;\"><strong>Tarif : 150<sup>\u20ac <\/sup>\/an +\u00a0 adh\u00e9sion 30\u20ac<\/strong><\/span><\/h2>\n<h3 style=\"text-align: center;\"><strong><span style=\"color: #3366ff;\"><a style=\"color: #3366ff;\" href=\"https:\/\/chorale-a-travers-chants-fayence.jimdo.com\" target=\"_blank\" rel=\"noopener\">Venez d\u00e9couvrir la chorale sur notre site<\/a>\u00a0<\/span><\/strong><\/h3>\n<h3><\/h3>\n","protected":false},"excerpt":{"rendered":"<p>Chants choral, concerts La chorale du Foyer rural, \u00ab\u00a0A Travers Chants\u00a0\u00bb est r\u00e9partie en quatre pupitres, soprano, alti, t\u00e9nor et basse. Elle est dirig\u00e9e par S\u00e9bastien Maillot, chef de ch\u0153ur exp\u00e9riment\u00e9. Le r\u00e9pertoire est vari\u00e9. Il va du chant sacr\u00e9 au contemporain en passant par le renaissance, le gospel, les no\u00ebls, etc\u2026 Chaque ann\u00e9e, environ&hellip; <a href=\"http:\/\/foyerruralfayencetourrettes.org\/index.php\/activites\/art-culture\/chorale\/\" class=\"more-link\">Lire la suite <span class=\"screen-reader-text\">CHORALE \u00ab\u00a0A TRAVERS CHANTS\u00a0\u00bb<\/span><\/a><\/p>\n","protected":false},"author":1,"featured_media":0,"parent":92,"menu_order":1,"comment_status":"closed","ping_status":"closed","template":"","meta":[],"_links":{"self":[{"href":"http:\/\/foyerruralfayencetourrettes.org\/index.php\/wp-json\/wp\/v2\/pages\/446"}],"collection":[{"href":"http:\/\/foyerruralfayencetourrettes.org\/index.php\/wp-json\/wp\/v2\/pages"}],"about":[{"href":"http:\/\/foyerruralfayencetourrettes.org\/index.php\/wp-json\/wp\/v2\/types\/page"}],"author":[{"embeddable":true,"href":"http:\/\/foyerruralfayencetourrettes.org\/index.php\/wp-json\/wp\/v2\/users\/1"}],"replies":[{"embeddable":true,"href":"http:\/\/foyerruralfayencetourrettes.org\/index.php\/wp-json\/wp\/v2\/comments?post=446"}],"version-history":[{"count":18,"href":"http:\/\/foyerruralfayencetourrettes.org\/index.php\/wp-json\/wp\/v2\/pages\/446\/revisions"}],"predecessor-version":[{"id":4529,"href":"http:\/\/foyerruralfayencetourrettes.org\/index.php\/wp-json\/wp\/v2\/pages\/446\/revisions\/4529"}],"up":[{"embeddable":true,"href":"http:\/\/foyerruralfayencetourrettes.org\/index.php\/wp-json\/wp\/v2\/pages\/92"}],"wp:attachment":[{"href":"http:\/\/foyerruralfayencetourrettes.org\/index.php\/wp-json\/wp\/v2\/media?parent=446"}],"curies":[{"name":"wp","href":"https:\/\/api.w.org\/{rel}","templated":true}]}}