{"id":525,"date":"2018-03-20T14:21:06","date_gmt":"2018-03-20T13:21:06","guid":{"rendered":"http:\/\/foyerruralfayencetourrettes.org\/?page_id=525"},"modified":"2024-09-09T15:46:26","modified_gmt":"2024-09-09T13:46:26","slug":"point-de-croix","status":"publish","type":"page","link":"http:\/\/foyerruralfayencetourrettes.org\/index.php\/activites\/creations\/point-de-croix\/","title":{"rendered":"BRODERIE"},"content":{"rendered":"\n<div class=\"wp-block-media-text alignwide is-stacked-on-mobile\" style=\"grid-template-columns:31% auto\"><figure class=\"wp-block-media-text__media\"><img decoding=\"async\" loading=\"lazy\" width=\"300\" height=\"300\" src=\"http:\/\/foyerruralfayencetourrettes.org\/wp-content\/uploads\/2024\/08\/image-3-300x300.png\" alt=\"\" class=\"wp-image-3944 size-full\" srcset=\"http:\/\/foyerruralfayencetourrettes.org\/wp-content\/uploads\/2024\/08\/image-3-300x300.png 300w, http:\/\/foyerruralfayencetourrettes.org\/wp-content\/uploads\/2024\/08\/image-3-150x150.png 150w, http:\/\/foyerruralfayencetourrettes.org\/wp-content\/uploads\/2024\/08\/image-3-180x180.png 180w, http:\/\/foyerruralfayencetourrettes.org\/wp-content\/uploads\/2024\/08\/image-3.png 640w\" sizes=\"(max-width: 300px) 100vw, 300px\" \/><\/figure><div class=\"wp-block-media-text__content\">\n<p class=\"has-luminous-vivid-orange-color has-text-color has-medium-font-size\"><strong>Broderie traditionnelle<\/strong><\/p>\n\n\n\n<p class=\"has-luminous-vivid-orange-color has-text-color has-medium-font-size\"><strong>Point de croix<\/strong><\/p>\n\n\n\n<p class=\"has-luminous-vivid-orange-color has-text-color has-medium-font-size\"><strong>Diamants<\/strong><\/p>\n<\/div><\/div>\n\n\n<p><span style=\"color: #000000;\">Voici la d\u00e9finition th\u00e9orique de notre atelier, plus couramment d\u00e9nomm\u00e9 \u00ab&nbsp;points de croix&nbsp;\u00bb, le point compt\u00e9s est une activit\u00e9 de broderie&nbsp; tr\u00e8s r\u00e9pandue dans le monde entier. Il s\u2019agit de points en forme de \u00ab&nbsp;X&nbsp;\u00bb brod\u00e9s d\u2019apr\u00e8s un mod\u00e8le en points compt\u00e9s appel\u00e9 diagramme.<\/span><\/p>\n<h4 class=\"font_8\"><span style=\"color: #000000;\"><strong>En pratique, notre atelier est, avant tout, un lieu de rencontre convivial o\u00f9 l\u2019on peut :<\/strong><\/span><\/h4>\n<ul class=\"font_8\">\n<li>\n<h4><em><span style=\"color: #000000;\"><strong>s\u2019initier<\/strong> <\/span><\/em><strong style=\"color: initial;\"><em><span>ou se perfectionner<\/span><\/em><\/strong><\/h4>\n<\/li>\n<li><strong><em><span style=\"color: #000000;\">broder l\u2019ouvrage de son choix<\/span><\/em><\/strong><\/li>\n<li>\n<h4 class=\"font_8\"><strong><em><span style=\"color: #000000;\">participer \u00e0 un ouvrage commun sur un th\u00e8me d\u00e9fini ensemble<\/span><\/em><\/strong><\/h4>\n<\/li>\n<li>\n<h4 class=\"font_8\"><strong><em><span style=\"color: #000000;\">apprendre les techniques de bases de l\u2019encadrement<\/span><\/em><\/strong><\/h4>\n<\/li>\n<li>\n<h4 class=\"font_8\"><strong><em><span style=\"color: #000000;\">d\u00e9couvrir ensemble salons et expositions<\/span><\/em><\/strong><\/h4>\n<\/li>\n<li><strong><em><span style=\"color: #000000;\">\u00e9changer des id\u00e9es, des pratiques, des grilles, des adresses\u2026.<\/span><\/em><\/strong><\/li>\n<\/ul>\n<h4 class=\"font_8\"><strong><span style=\"color: #000000;\">le tout dans la bonne humeur, sans esprit de comp\u00e9tition, ni de rentabilit\u00e9, juste le plaisir de partager une passion commune dans une ambiance de d\u00e9tente.<\/span><\/strong><\/h4>\n<h3 class=\"font_8\"><strong><em><span style=\"color: #000000;\">Amies \u00ab&nbsp;crucifilistes&nbsp;\u00bb rejoignez notre \u00e9quipe selon vos disponibilit\u00e9s!<\/span><\/em><\/strong><\/h3>\n<ul>\n<li>\n<h2><strong><span style=\"color: #0000ff;\"><span style=\"color: #ff9900;\">&nbsp;Ancien Coll\u00e8ge&nbsp; <\/span><\/span><\/strong><span style=\"color: #0000ff;\"><strong><span style=\"color: #3366ff;\"><span style=\"color: #ff9900;\">Fayence<\/span><\/span><\/strong><\/span><\/h2>\n<\/li>\n<\/ul>\n<h3><strong><span style=\"color: #000000;\">Le Mercredi de 14h15 \u00e0 17h00&nbsp; &#8211; D\u00e8s 16 ans<\/span><\/strong><\/h3>\n<h3>\u21d2 <strong><span style=\"color: #99cc00;\">Maryvonne MASSON: <span style=\"color: #000000;\">06 87 56 36 17<\/span><\/span><\/strong><\/h3>\n<h3>\u21d2 <strong><span style=\"color: #99cc00;\">Patricia PILLON-BROCK: <span style=\"color: #000000;\">06 73 46 21 53<\/span><\/span><\/strong><\/h3>\n<h4>Tarif : 25<sup>\u20ac <\/sup>\/an + 30\u20ac adh\u00e9sion<\/h4>","protected":false},"excerpt":{"rendered":"<p>Broderie traditionnelle Point de croix Diamants Voici la d\u00e9finition th\u00e9orique de notre atelier, plus couramment d\u00e9nomm\u00e9 \u00ab&nbsp;points de croix&nbsp;\u00bb, le point compt\u00e9s est une activit\u00e9 de broderie&nbsp; tr\u00e8s r\u00e9pandue dans le monde entier. Il s\u2019agit de points en forme de \u00ab&nbsp;X&nbsp;\u00bb brod\u00e9s d\u2019apr\u00e8s un mod\u00e8le en points compt\u00e9s appel\u00e9 diagramme. En pratique, notre atelier est,&hellip; <a href=\"http:\/\/foyerruralfayencetourrettes.org\/index.php\/activites\/creations\/point-de-croix\/\" class=\"more-link\">Lire la suite <span class=\"screen-reader-text\">BRODERIE<\/span><\/a><\/p>\n","protected":false},"author":1,"featured_media":0,"parent":812,"menu_order":2,"comment_status":"closed","ping_status":"closed","template":"","meta":[],"_links":{"self":[{"href":"http:\/\/foyerruralfayencetourrettes.org\/index.php\/wp-json\/wp\/v2\/pages\/525"}],"collection":[{"href":"http:\/\/foyerruralfayencetourrettes.org\/index.php\/wp-json\/wp\/v2\/pages"}],"about":[{"href":"http:\/\/foyerruralfayencetourrettes.org\/index.php\/wp-json\/wp\/v2\/types\/page"}],"author":[{"embeddable":true,"href":"http:\/\/foyerruralfayencetourrettes.org\/index.php\/wp-json\/wp\/v2\/users\/1"}],"replies":[{"embeddable":true,"href":"http:\/\/foyerruralfayencetourrettes.org\/index.php\/wp-json\/wp\/v2\/comments?post=525"}],"version-history":[{"count":14,"href":"http:\/\/foyerruralfayencetourrettes.org\/index.php\/wp-json\/wp\/v2\/pages\/525\/revisions"}],"predecessor-version":[{"id":4123,"href":"http:\/\/foyerruralfayencetourrettes.org\/index.php\/wp-json\/wp\/v2\/pages\/525\/revisions\/4123"}],"up":[{"embeddable":true,"href":"http:\/\/foyerruralfayencetourrettes.org\/index.php\/wp-json\/wp\/v2\/pages\/812"}],"wp:attachment":[{"href":"http:\/\/foyerruralfayencetourrettes.org\/index.php\/wp-json\/wp\/v2\/media?parent=525"}],"curies":[{"name":"wp","href":"https:\/\/api.w.org\/{rel}","templated":true}]}}