{"id":540,"date":"2018-03-20T14:48:09","date_gmt":"2018-03-20T13:48:09","guid":{"rendered":"http:\/\/foyerruralfayencetourrettes.org\/?page_id=540"},"modified":"2025-08-10T19:09:22","modified_gmt":"2025-08-10T17:09:22","slug":"vannerie","status":"publish","type":"page","link":"http:\/\/foyerruralfayencetourrettes.org\/index.php\/activites\/creations\/vannerie\/","title":{"rendered":"VANNERIE"},"content":{"rendered":"\n<div class=\"wp-block-media-text alignwide is-stacked-on-mobile\" style=\"grid-template-columns:32% auto\"><figure class=\"wp-block-media-text__media\"><img decoding=\"async\" loading=\"lazy\" width=\"766\" height=\"1024\" src=\"http:\/\/foyerruralfayencetourrettes.org\/wp-content\/uploads\/2023\/01\/received_1456427094881639-766x1024.jpeg\" alt=\"\" class=\"wp-image-2782 size-full\" srcset=\"http:\/\/foyerruralfayencetourrettes.org\/wp-content\/uploads\/2023\/01\/received_1456427094881639-766x1024.jpeg 766w, http:\/\/foyerruralfayencetourrettes.org\/wp-content\/uploads\/2023\/01\/received_1456427094881639-224x300.jpeg 224w, http:\/\/foyerruralfayencetourrettes.org\/wp-content\/uploads\/2023\/01\/received_1456427094881639-768x1027.jpeg 768w, http:\/\/foyerruralfayencetourrettes.org\/wp-content\/uploads\/2023\/01\/received_1456427094881639-1148x1536.jpeg 1148w, http:\/\/foyerruralfayencetourrettes.org\/wp-content\/uploads\/2023\/01\/received_1456427094881639.jpeg 1531w\" sizes=\"(max-width: 766px) 100vw, 766px\" \/><\/figure><div class=\"wp-block-media-text__content\">\n<p class=\"has-vivid-red-color has-text-color has-large-font-size\">Tressage rotin  <\/p>\n\n\n\n<p class=\"has-vivid-red-color has-text-color has-large-font-size\">Echange de pratique<\/p>\n\n\n\n<p class=\"has-vivid-red-color has-text-color has-large-font-size\">Niveau interm\u00e9diaire<\/p>\n<\/div><\/div>\n\n\n\n<ul>\n<li>\n<h2><strong><span style=\"color: #0000ff;\"><span style=\"color: #ff6600;\">Mille Clubs &#8211; Salle du Bas<\/span><\/span><\/strong><\/h2>\n<\/li>\n<\/ul>\n\n\n\n<h3 class=\"wp-block-heading\"><strong><span style=\"color: #000000;\">Le Mardi de 14h \u00e0 17h&nbsp; &#8211;&nbsp; D\u00e8s 16 ans<\/span><\/strong><\/h3>\n\n\n\n<h3 class=\"wp-block-heading\"><span style=\"color: #000000;\">\u21d2 <\/span><span style=\"color: #99cc00;\">Corinne GROSS<\/span> <strong><span style=\"color: #99cc00;\">: 06 60 23 39 18<\/span><\/strong><\/h3>\n\n\n\n<h3 class=\"wp-block-heading\"><span style=\"color: #99cc00;\"><strong><span style=\"color: #000000;\">\u21d2<\/span>&nbsp; Chantal MATOSSIAN : 07 77 00 66 13<\/strong><\/span><\/h3>\n\n\n\n<h3 class=\"wp-block-heading has-vivid-purple-color has-text-color\" style=\"font-size:30px\"><strong>Tarif : 25<sup>\u20ac <\/sup>\/an + 30\u20ac adh\u00e9sion<\/strong><\/h3>\n\n\n\n<h2 class=\"wp-block-heading has-vivid-red-color has-text-color\">La vannerie en images<\/h2>\n\n\n\n<figure class=\"wp-block-gallery has-nested-images columns-default is-cropped wp-block-gallery-1 is-layout-flex\">\n<figure class=\"wp-block-image size-large\"><img decoding=\"async\" loading=\"lazy\" width=\"766\" height=\"1024\" data-id=\"2781\"  src=\"http:\/\/foyerruralfayencetourrettes.org\/wp-content\/uploads\/2023\/01\/received_1325066431614593-766x1024.jpeg\" alt=\"\" class=\"wp-image-2781\" srcset=\"http:\/\/foyerruralfayencetourrettes.org\/wp-content\/uploads\/2023\/01\/received_1325066431614593-766x1024.jpeg 766w, http:\/\/foyerruralfayencetourrettes.org\/wp-content\/uploads\/2023\/01\/received_1325066431614593-224x300.jpeg 224w, http:\/\/foyerruralfayencetourrettes.org\/wp-content\/uploads\/2023\/01\/received_1325066431614593-768x1027.jpeg 768w, http:\/\/foyerruralfayencetourrettes.org\/wp-content\/uploads\/2023\/01\/received_1325066431614593-1148x1536.jpeg 1148w, http:\/\/foyerruralfayencetourrettes.org\/wp-content\/uploads\/2023\/01\/received_1325066431614593.jpeg 1531w\" sizes=\"(max-width: 766px) 100vw, 766px\" \/><\/figure>\n\n\n\n<figure class=\"wp-block-image size-large\"><img decoding=\"async\" loading=\"lazy\" width=\"771\" height=\"1024\" data-id=\"2778\"  src=\"http:\/\/foyerruralfayencetourrettes.org\/wp-content\/uploads\/2023\/01\/received_740204733926891-1-771x1024.jpeg\" alt=\"\" class=\"wp-image-2778\" srcset=\"http:\/\/foyerruralfayencetourrettes.org\/wp-content\/uploads\/2023\/01\/received_740204733926891-1-771x1024.jpeg 771w, http:\/\/foyerruralfayencetourrettes.org\/wp-content\/uploads\/2023\/01\/received_740204733926891-1-226x300.jpeg 226w, http:\/\/foyerruralfayencetourrettes.org\/wp-content\/uploads\/2023\/01\/received_740204733926891-1-768x1021.jpeg 768w, http:\/\/foyerruralfayencetourrettes.org\/wp-content\/uploads\/2023\/01\/received_740204733926891-1-1156x1536.jpeg 1156w, http:\/\/foyerruralfayencetourrettes.org\/wp-content\/uploads\/2023\/01\/received_740204733926891-1.jpeg 1204w\" sizes=\"(max-width: 771px) 100vw, 771px\" \/><\/figure>\n\n\n\n<figure class=\"wp-block-image size-large\"><img decoding=\"async\" loading=\"lazy\" width=\"766\" height=\"1024\" data-id=\"2780\"  src=\"http:\/\/foyerruralfayencetourrettes.org\/wp-content\/uploads\/2023\/01\/received_970318030605781-766x1024.jpeg\" alt=\"\" class=\"wp-image-2780\" srcset=\"http:\/\/foyerruralfayencetourrettes.org\/wp-content\/uploads\/2023\/01\/received_970318030605781-766x1024.jpeg 766w, http:\/\/foyerruralfayencetourrettes.org\/wp-content\/uploads\/2023\/01\/received_970318030605781-224x300.jpeg 224w, http:\/\/foyerruralfayencetourrettes.org\/wp-content\/uploads\/2023\/01\/received_970318030605781-768x1027.jpeg 768w, http:\/\/foyerruralfayencetourrettes.org\/wp-content\/uploads\/2023\/01\/received_970318030605781-1148x1536.jpeg 1148w, http:\/\/foyerruralfayencetourrettes.org\/wp-content\/uploads\/2023\/01\/received_970318030605781.jpeg 1531w\" sizes=\"(max-width: 766px) 100vw, 766px\" \/><\/figure>\n\n\n\n<figure class=\"wp-block-image size-large\"><img decoding=\"async\" loading=\"lazy\" width=\"1024\" height=\"576\" data-id=\"2967\"  src=\"http:\/\/foyerruralfayencetourrettes.org\/wp-content\/uploads\/2023\/07\/vannerie-1-1024x576.jpg\" alt=\"\" class=\"wp-image-2967\" srcset=\"http:\/\/foyerruralfayencetourrettes.org\/wp-content\/uploads\/2023\/07\/vannerie-1-1024x576.jpg 1024w, http:\/\/foyerruralfayencetourrettes.org\/wp-content\/uploads\/2023\/07\/vannerie-1-300x169.jpg 300w, http:\/\/foyerruralfayencetourrettes.org\/wp-content\/uploads\/2023\/07\/vannerie-1-768x432.jpg 768w, http:\/\/foyerruralfayencetourrettes.org\/wp-content\/uploads\/2023\/07\/vannerie-1-1536x864.jpg 1536w, http:\/\/foyerruralfayencetourrettes.org\/wp-content\/uploads\/2023\/07\/vannerie-1.jpg 2016w\" sizes=\"(max-width: 1024px) 100vw, 1024px\" \/><\/figure>\n<\/figure>\n\n\n\n<p class=\"has-vivid-green-cyan-color has-text-color has-medium-font-size\"><strong>Chantal MATOSSIAN<\/strong><\/p>\n","protected":false},"excerpt":{"rendered":"<p>Tressage rotin Echange de pratique Niveau interm\u00e9diaire Le Mardi de 14h \u00e0 17h&nbsp; &#8211;&nbsp; D\u00e8s 16 ans \u21d2 Corinne GROSS : 06 60 23 39 18 \u21d2&nbsp; Chantal MATOSSIAN : 07 77 00 66 13 Tarif : 25\u20ac \/an + 30\u20ac adh\u00e9sion La vannerie en images Chantal MATOSSIAN<\/p>\n","protected":false},"author":1,"featured_media":0,"parent":812,"menu_order":9,"comment_status":"closed","ping_status":"closed","template":"","meta":[],"_links":{"self":[{"href":"http:\/\/foyerruralfayencetourrettes.org\/index.php\/wp-json\/wp\/v2\/pages\/540"}],"collection":[{"href":"http:\/\/foyerruralfayencetourrettes.org\/index.php\/wp-json\/wp\/v2\/pages"}],"about":[{"href":"http:\/\/foyerruralfayencetourrettes.org\/index.php\/wp-json\/wp\/v2\/types\/page"}],"author":[{"embeddable":true,"href":"http:\/\/foyerruralfayencetourrettes.org\/index.php\/wp-json\/wp\/v2\/users\/1"}],"replies":[{"embeddable":true,"href":"http:\/\/foyerruralfayencetourrettes.org\/index.php\/wp-json\/wp\/v2\/comments?post=540"}],"version-history":[{"count":13,"href":"http:\/\/foyerruralfayencetourrettes.org\/index.php\/wp-json\/wp\/v2\/pages\/540\/revisions"}],"predecessor-version":[{"id":4518,"href":"http:\/\/foyerruralfayencetourrettes.org\/index.php\/wp-json\/wp\/v2\/pages\/540\/revisions\/4518"}],"up":[{"embeddable":true,"href":"http:\/\/foyerruralfayencetourrettes.org\/index.php\/wp-json\/wp\/v2\/pages\/812"}],"wp:attachment":[{"href":"http:\/\/foyerruralfayencetourrettes.org\/index.php\/wp-json\/wp\/v2\/media?parent=540"}],"curies":[{"name":"wp","href":"https:\/\/api.w.org\/{rel}","templated":true}]}}