{"id":581,"date":"2018-03-20T15:22:38","date_gmt":"2018-03-20T14:22:38","guid":{"rendered":"http:\/\/foyerruralfayencetourrettes.org\/?page_id=581"},"modified":"2024-08-19T21:00:52","modified_gmt":"2024-08-19T19:00:52","slug":"loisir-sport-defense","status":"publish","type":"page","link":"http:\/\/foyerruralfayencetourrettes.org\/index.php\/activites\/sport\/loisir-sport-defense\/","title":{"rendered":"SILAT SYSTEME D\u00c9FENSE"},"content":{"rendered":"\n<div class=\"wp-block-media-text alignwide is-stacked-on-mobile\" style=\"grid-template-columns:44% auto\"><figure class=\"wp-block-media-text__media\"><img decoding=\"async\" loading=\"lazy\" width=\"1024\" height=\"768\" src=\"http:\/\/foyerruralfayencetourrettes.org\/wp-content\/uploads\/2020\/06\/Resized_20181019_211819_4300-1024x768.jpg\" alt=\"\" class=\"wp-image-1398 size-full\" srcset=\"http:\/\/foyerruralfayencetourrettes.org\/wp-content\/uploads\/2020\/06\/Resized_20181019_211819_4300-1024x768.jpg 1024w, http:\/\/foyerruralfayencetourrettes.org\/wp-content\/uploads\/2020\/06\/Resized_20181019_211819_4300-300x225.jpg 300w, http:\/\/foyerruralfayencetourrettes.org\/wp-content\/uploads\/2020\/06\/Resized_20181019_211819_4300-768x576.jpg 768w, http:\/\/foyerruralfayencetourrettes.org\/wp-content\/uploads\/2020\/06\/Resized_20181019_211819_4300.jpg 1440w\" sizes=\"(max-width: 1024px) 100vw, 1024px\" \/><\/figure><div class=\"wp-block-media-text__content\">\n<p class=\"has-vivid-red-color has-text-color has-medium-font-size\"><strong>Dans un contexte d&rsquo;augmentation d\u2019atteinte \u00e0 l&rsquo;int\u00e9grit\u00e9 physique des personnes, la pratique de silat syst\u00e8me d\u00e9fense r\u00e9pondra aux attentes des personnes souhaitant apprendre \u00e0 g\u00e9rer des situations de conflits de mani\u00e8re efficace.&nbsp;<\/strong><\/p>\n<\/div><\/div>\n\n\n\n<ul>\n<li style=\"font-size:30px\"><strong>GYMNASE<\/strong> <strong>Fayence<\/strong><\/li>\n<\/ul>\n\n\n\n<h3 class=\"wp-block-heading\"><strong>Le Vendredi  de 19h15  &#8211;  21h &#8211; <strong>D\u00e8s 16 ans (autorisation parentale)<\/strong><\/strong>&#8211; Certificat m\u00e9dical<\/h3>\n\n\n\n<h3 class=\"wp-block-heading has-text-color\" style=\"color:#61a921;font-size:24px\"><strong><span style=\"color: #99cc00;\">\u21d2 <\/span><\/strong><span style=\"color: #99cc00;\"><strong>Eduardo\u00a0 ANTUNES : <\/strong><\/span><strong>06 60 78 75 50<\/strong><\/h3>\n\n\n\n<p class=\"has-text-color\" style=\"color:#6dbf1b;font-size:24px\"><strong>=> Alain HERRERO   06 41 51 94 87<\/strong><\/p>\n\n\n\n<h4 class=\"wp-block-heading\"><strong>Tarif\u00a0: 25<sup>\u20ac <\/sup>\/an + 30\u20ac adh\u00e9sion<\/strong><\/h4>\n\n\n\n<p class=\"has-vivid-red-color has-text-color has-large-font-size\">Le SILAT en images<\/p>\n\n\n\n<figure class=\"wp-block-gallery has-nested-images columns-default is-cropped wp-block-gallery-1 is-layout-flex\">\n<figure class=\"wp-block-image size-large\"><img decoding=\"async\" loading=\"lazy\" width=\"1024\" height=\"768\" data-id=\"1398\"  src=\"http:\/\/foyerruralfayencetourrettes.org\/wp-content\/uploads\/2020\/06\/Resized_20181019_211819_4300-1024x768.jpg\" alt=\"\" class=\"wp-image-1398\" srcset=\"http:\/\/foyerruralfayencetourrettes.org\/wp-content\/uploads\/2020\/06\/Resized_20181019_211819_4300-1024x768.jpg 1024w, http:\/\/foyerruralfayencetourrettes.org\/wp-content\/uploads\/2020\/06\/Resized_20181019_211819_4300-300x225.jpg 300w, http:\/\/foyerruralfayencetourrettes.org\/wp-content\/uploads\/2020\/06\/Resized_20181019_211819_4300-768x576.jpg 768w, http:\/\/foyerruralfayencetourrettes.org\/wp-content\/uploads\/2020\/06\/Resized_20181019_211819_4300.jpg 1440w\" sizes=\"(max-width: 1024px) 100vw, 1024px\" \/><\/figure>\n\n\n\n<figure class=\"wp-block-image size-large\"><img decoding=\"async\" loading=\"lazy\" width=\"1024\" height=\"768\" data-id=\"1397\"  src=\"http:\/\/foyerruralfayencetourrettes.org\/wp-content\/uploads\/2020\/06\/Resized_20181116_211400_6911-1024x768.jpg\" alt=\"\" class=\"wp-image-1397\" srcset=\"http:\/\/foyerruralfayencetourrettes.org\/wp-content\/uploads\/2020\/06\/Resized_20181116_211400_6911-1024x768.jpg 1024w, http:\/\/foyerruralfayencetourrettes.org\/wp-content\/uploads\/2020\/06\/Resized_20181116_211400_6911-300x225.jpg 300w, http:\/\/foyerruralfayencetourrettes.org\/wp-content\/uploads\/2020\/06\/Resized_20181116_211400_6911-768x576.jpg 768w, http:\/\/foyerruralfayencetourrettes.org\/wp-content\/uploads\/2020\/06\/Resized_20181116_211400_6911.jpg 1440w\" sizes=\"(max-width: 1024px) 100vw, 1024px\" \/><\/figure>\n\n\n\n<figure class=\"wp-block-image size-large\"><img decoding=\"async\" loading=\"lazy\" width=\"1024\" height=\"768\" data-id=\"1396\"  src=\"http:\/\/foyerruralfayencetourrettes.org\/wp-content\/uploads\/2020\/06\/Resized_20181130_195340_1946-1024x768.jpg\" alt=\"\" class=\"wp-image-1396\" srcset=\"http:\/\/foyerruralfayencetourrettes.org\/wp-content\/uploads\/2020\/06\/Resized_20181130_195340_1946-1024x768.jpg 1024w, http:\/\/foyerruralfayencetourrettes.org\/wp-content\/uploads\/2020\/06\/Resized_20181130_195340_1946-300x225.jpg 300w, http:\/\/foyerruralfayencetourrettes.org\/wp-content\/uploads\/2020\/06\/Resized_20181130_195340_1946-768x576.jpg 768w, http:\/\/foyerruralfayencetourrettes.org\/wp-content\/uploads\/2020\/06\/Resized_20181130_195340_1946.jpg 1440w\" sizes=\"(max-width: 1024px) 100vw, 1024px\" \/><\/figure>\n<\/figure>\n\n\n\n<div class=\"wp-block-media-text alignwide is-stacked-on-mobile\"><figure class=\"wp-block-media-text__media\"><video controls src=\"http:\/\/foyerruralfayencetourrettes.org\/wp-content\/uploads\/2022\/09\/20220428_204830.mp4\"><\/video><\/figure><div class=\"wp-block-media-text__content\">\n<p class=\"has-large-font-size\"><\/p>\n<\/div><\/div>\n\n\n\n<div class=\"wp-block-group is-layout-flow\"><div class=\"wp-block-group__inner-container\">\n<div class=\"wp-block-media-text alignwide is-stacked-on-mobile\"><figure class=\"wp-block-media-text__media\"><video controls src=\"http:\/\/foyerruralfayencetourrettes.org\/wp-content\/uploads\/2022\/09\/20211001_203501.mp4\"><\/video><\/figure><div class=\"wp-block-media-text__content\">\n<p class=\"has-large-font-size\"><\/p>\n<\/div><\/div>\n\n\n\n<div class=\"wp-block-media-text alignwide has-media-on-the-right is-stacked-on-mobile\"><div class=\"wp-block-media-text__content\">\n<p class=\"has-large-font-size\"><\/p>\n<\/div><figure class=\"wp-block-media-text__media\"><video controls src=\"http:\/\/foyerruralfayencetourrettes.org\/wp-content\/uploads\/2022\/09\/20211015_195304.mp4\"><\/video><\/figure><\/div>\n<\/div><\/div>\n","protected":false},"excerpt":{"rendered":"<p>Dans un contexte d&rsquo;augmentation d\u2019atteinte \u00e0 l&rsquo;int\u00e9grit\u00e9 physique des personnes, la pratique de silat syst\u00e8me d\u00e9fense r\u00e9pondra aux attentes des personnes souhaitant apprendre \u00e0 g\u00e9rer des situations de conflits de mani\u00e8re efficace.&nbsp; Le Vendredi de 19h15 &#8211; 21h &#8211; D\u00e8s 16 ans (autorisation parentale)&#8211; Certificat m\u00e9dical \u21d2 Eduardo\u00a0 ANTUNES : 06 60 78 75 50&hellip; <a href=\"http:\/\/foyerruralfayencetourrettes.org\/index.php\/activites\/sport\/loisir-sport-defense\/\" class=\"more-link\">Lire la suite <span class=\"screen-reader-text\">SILAT SYSTEME D\u00c9FENSE<\/span><\/a><\/p>\n","protected":false},"author":1,"featured_media":0,"parent":98,"menu_order":10,"comment_status":"closed","ping_status":"closed","template":"","meta":[],"_links":{"self":[{"href":"http:\/\/foyerruralfayencetourrettes.org\/index.php\/wp-json\/wp\/v2\/pages\/581"}],"collection":[{"href":"http:\/\/foyerruralfayencetourrettes.org\/index.php\/wp-json\/wp\/v2\/pages"}],"about":[{"href":"http:\/\/foyerruralfayencetourrettes.org\/index.php\/wp-json\/wp\/v2\/types\/page"}],"author":[{"embeddable":true,"href":"http:\/\/foyerruralfayencetourrettes.org\/index.php\/wp-json\/wp\/v2\/users\/1"}],"replies":[{"embeddable":true,"href":"http:\/\/foyerruralfayencetourrettes.org\/index.php\/wp-json\/wp\/v2\/comments?post=581"}],"version-history":[{"count":26,"href":"http:\/\/foyerruralfayencetourrettes.org\/index.php\/wp-json\/wp\/v2\/pages\/581\/revisions"}],"predecessor-version":[{"id":4014,"href":"http:\/\/foyerruralfayencetourrettes.org\/index.php\/wp-json\/wp\/v2\/pages\/581\/revisions\/4014"}],"up":[{"embeddable":true,"href":"http:\/\/foyerruralfayencetourrettes.org\/index.php\/wp-json\/wp\/v2\/pages\/98"}],"wp:attachment":[{"href":"http:\/\/foyerruralfayencetourrettes.org\/index.php\/wp-json\/wp\/v2\/media?parent=581"}],"curies":[{"name":"wp","href":"https:\/\/api.w.org\/{rel}","templated":true}]}}