{"id":596,"date":"2018-03-20T15:38:10","date_gmt":"2018-03-20T14:38:10","guid":{"rendered":"http:\/\/foyerruralfayencetourrettes.org\/?page_id=596"},"modified":"2024-08-21T17:12:10","modified_gmt":"2024-08-21T15:12:10","slug":"volley-ball","status":"publish","type":"page","link":"http:\/\/foyerruralfayencetourrettes.org\/index.php\/activites\/sport\/volley-ball\/","title":{"rendered":"VOLLEY-BALL"},"content":{"rendered":"\n<div class=\"wp-block-media-text alignwide is-stacked-on-mobile\"><figure class=\"wp-block-media-text__media\"><img decoding=\"async\" loading=\"lazy\" width=\"1024\" height=\"576\" src=\"http:\/\/foyerruralfayencetourrettes.org\/wp-content\/uploads\/2019\/09\/20190909_210414-e1568584408227-1024x576.jpg\" alt=\"\" class=\"wp-image-1256 size-full\" srcset=\"http:\/\/foyerruralfayencetourrettes.org\/wp-content\/uploads\/2019\/09\/20190909_210414-e1568584408227-1024x576.jpg 1024w, http:\/\/foyerruralfayencetourrettes.org\/wp-content\/uploads\/2019\/09\/20190909_210414-e1568584408227-300x169.jpg 300w, http:\/\/foyerruralfayencetourrettes.org\/wp-content\/uploads\/2019\/09\/20190909_210414-e1568584408227-768x432.jpg 768w\" sizes=\"(max-width: 1024px) 100vw, 1024px\" \/><\/figure><div class=\"wp-block-media-text__content\">\n<p class=\"has-vivid-red-color has-text-color\" style=\"font-size:30px\"><em><strong>Loisir pour ados <\/strong><\/em><\/p>\n\n\n\n<p class=\"has-vivid-red-color has-text-color\" style=\"font-size:30px\"><em><strong>et adultes.<\/strong><\/em><\/p>\n<\/div><\/div>\n\n\n\n<p class=\"has-text-color\" style=\"color:#1c5475;font-size:30px\"><strong>GYMNASE FAYENCE<\/strong><\/p>\n\n\n\n<p style=\"font-size:24px\"><strong>Lundi de 20h30 \u00e0 22h00 (1 lundi sur 2)  &#8211;&nbsp; D\u00e8s 16 ans &#8211; Certificat m\u00e9dical<\/strong><\/p>\n\n\n\n<p class=\"has-text-color\" style=\"color:#1fbc36;font-size:24px\"><strong>\u21d2 David DELEVACQUE: 06 20 58 59 93<\/strong><\/p>\n\n\n\n<p class=\"has-text-color\" style=\"color:#1fbc36;font-size:24px\"><strong><strong>\u21d2<\/strong> Jean-Claude OUVRARD : 06 85 21 79 51<\/strong><\/p>\n\n\n\n<p class=\"has-medium-font-size\"><strong>Tarif : 5\u20ac \/an + 25\u20ac adhesion   &#8211; 18 ans<\/strong><\/p>\n\n\n\n<p class=\"has-medium-font-size\">          <strong>25\u20ac\/an + 30\u20ac adhesion   + 18 ans<\/strong><\/p>\n\n\n\n<figure class=\"wp-block-image size-large\"><img decoding=\"async\" loading=\"lazy\" width=\"1024\" height=\"768\" src=\"http:\/\/foyerruralfayencetourrettes.org\/wp-content\/uploads\/2019\/09\/20190909_210500-1024x768.jpg\" alt=\"\" class=\"wp-image-1257\" srcset=\"http:\/\/foyerruralfayencetourrettes.org\/wp-content\/uploads\/2019\/09\/20190909_210500-1024x768.jpg 1024w, http:\/\/foyerruralfayencetourrettes.org\/wp-content\/uploads\/2019\/09\/20190909_210500-300x225.jpg 300w, http:\/\/foyerruralfayencetourrettes.org\/wp-content\/uploads\/2019\/09\/20190909_210500-768x576.jpg 768w\" sizes=\"(max-width: 1024px) 100vw, 1024px\" \/><\/figure>\n","protected":false},"excerpt":{"rendered":"<p>Loisir pour ados et adultes. GYMNASE FAYENCE Lundi de 20h30 \u00e0 22h00 (1 lundi sur 2) &#8211;&nbsp; D\u00e8s 16 ans &#8211; Certificat m\u00e9dical \u21d2 David DELEVACQUE: 06 20 58 59 93 \u21d2 Jean-Claude OUVRARD : 06 85 21 79 51 Tarif : 5\u20ac \/an + 25\u20ac adhesion &#8211; 18 ans 25\u20ac\/an + 30\u20ac adhesion +&hellip; <a href=\"http:\/\/foyerruralfayencetourrettes.org\/index.php\/activites\/sport\/volley-ball\/\" class=\"more-link\">Lire la suite <span class=\"screen-reader-text\">VOLLEY-BALL<\/span><\/a><\/p>\n","protected":false},"author":1,"featured_media":0,"parent":98,"menu_order":12,"comment_status":"closed","ping_status":"closed","template":"","meta":[],"_links":{"self":[{"href":"http:\/\/foyerruralfayencetourrettes.org\/index.php\/wp-json\/wp\/v2\/pages\/596"}],"collection":[{"href":"http:\/\/foyerruralfayencetourrettes.org\/index.php\/wp-json\/wp\/v2\/pages"}],"about":[{"href":"http:\/\/foyerruralfayencetourrettes.org\/index.php\/wp-json\/wp\/v2\/types\/page"}],"author":[{"embeddable":true,"href":"http:\/\/foyerruralfayencetourrettes.org\/index.php\/wp-json\/wp\/v2\/users\/1"}],"replies":[{"embeddable":true,"href":"http:\/\/foyerruralfayencetourrettes.org\/index.php\/wp-json\/wp\/v2\/comments?post=596"}],"version-history":[{"count":13,"href":"http:\/\/foyerruralfayencetourrettes.org\/index.php\/wp-json\/wp\/v2\/pages\/596\/revisions"}],"predecessor-version":[{"id":4083,"href":"http:\/\/foyerruralfayencetourrettes.org\/index.php\/wp-json\/wp\/v2\/pages\/596\/revisions\/4083"}],"up":[{"embeddable":true,"href":"http:\/\/foyerruralfayencetourrettes.org\/index.php\/wp-json\/wp\/v2\/pages\/98"}],"wp:attachment":[{"href":"http:\/\/foyerruralfayencetourrettes.org\/index.php\/wp-json\/wp\/v2\/media?parent=596"}],"curies":[{"name":"wp","href":"https:\/\/api.w.org\/{rel}","templated":true}]}}