{"id":600,"date":"2018-03-20T15:40:43","date_gmt":"2018-03-20T14:40:43","guid":{"rendered":"http:\/\/foyerruralfayencetourrettes.org\/?page_id=600"},"modified":"2025-08-10T18:40:37","modified_gmt":"2025-08-10T16:40:37","slug":"600-2","status":"publish","type":"page","link":"http:\/\/foyerruralfayencetourrettes.org\/index.php\/activites\/sport\/600-2\/","title":{"rendered":"VAE &#8211; V\u00e9lo \u00e0 assistance \u00e9lectrique"},"content":{"rendered":"\n<div class=\"wp-block-media-text alignwide is-stacked-on-mobile\"><figure class=\"wp-block-media-text__media\"><img decoding=\"async\" loading=\"lazy\" width=\"495\" height=\"224\" src=\"http:\/\/foyerruralfayencetourrettes.org\/wp-content\/uploads\/2024\/08\/VTT-2.jpg\" alt=\"\" class=\"wp-image-4021 size-full\" srcset=\"http:\/\/foyerruralfayencetourrettes.org\/wp-content\/uploads\/2024\/08\/VTT-2.jpg 495w, http:\/\/foyerruralfayencetourrettes.org\/wp-content\/uploads\/2024\/08\/VTT-2-300x136.jpg 300w\" sizes=\"(max-width: 495px) 100vw, 495px\" \/><\/figure><div class=\"wp-block-media-text__content\">\n<figure class=\"wp-block-image size-full is-resized\"><img decoding=\"async\" loading=\"lazy\" src=\"http:\/\/foyerruralfayencetourrettes.org\/wp-content\/uploads\/2024\/08\/nouveau-2.png\" alt=\"\" class=\"wp-image-4065\" width=\"181\" height=\"66\" srcset=\"http:\/\/foyerruralfayencetourrettes.org\/wp-content\/uploads\/2024\/08\/nouveau-2.png 356w, http:\/\/foyerruralfayencetourrettes.org\/wp-content\/uploads\/2024\/08\/nouveau-2-300x111.png 300w\" sizes=\"(max-width: 181px) 100vw, 181px\" \/><\/figure>\n\n\n\n<p class=\"has-vivid-red-color has-text-color\" style=\"font-size:30px\"><strong>Sorties r\u00e9guli\u00e8res adultes<\/strong><\/p>\n<\/div><\/div>\n\n\n\n<p style=\"font-size:28px\">le Dimanche de 9h \u00e0 12h<\/p>\n\n\n<ul>\n<li>\n<h2><strong><span style=\"color: #0000ff;\">&nbsp;Niveau Expert<\/span><span style=\"color: #0000ff;\"><span style=\"color: #ff6600;\"> &#8211; Adultes<\/span><\/span><\/strong><\/h2>\n<\/li>\n<\/ul>\n<h3><strong><span style=\"color: #99cc00;\">\u21d2&nbsp;<\/span><\/strong><strong><span style=\"color: #99cc00;\"> Jacques PEYRACCHIA: 06 82 45 29 32<\/span><\/strong><\/h3>\n<h3><strong><span style=\"color: #99cc00;\">\u21d2 SAMY : 06 86 36 82 23<\/span><\/strong><\/h3>\n<h4><strong>Tarif : 25\u20ac<sup>&nbsp;<\/sup>\/an + 30\u20ac adh\u00e9sion<\/strong><\/h4>\n\n\n<p><\/p>\n","protected":false},"excerpt":{"rendered":"<p>le Dimanche de 9h \u00e0 12h &nbsp;Niveau Expert &#8211; Adultes \u21d2&nbsp; Jacques PEYRACCHIA: 06 82 45 29 32 \u21d2 SAMY : 06 86 36 82 23 Tarif : 25\u20ac&nbsp;\/an + 30\u20ac adh\u00e9sion<\/p>\n","protected":false},"author":1,"featured_media":0,"parent":98,"menu_order":13,"comment_status":"closed","ping_status":"closed","template":"","meta":[],"_links":{"self":[{"href":"http:\/\/foyerruralfayencetourrettes.org\/index.php\/wp-json\/wp\/v2\/pages\/600"}],"collection":[{"href":"http:\/\/foyerruralfayencetourrettes.org\/index.php\/wp-json\/wp\/v2\/pages"}],"about":[{"href":"http:\/\/foyerruralfayencetourrettes.org\/index.php\/wp-json\/wp\/v2\/types\/page"}],"author":[{"embeddable":true,"href":"http:\/\/foyerruralfayencetourrettes.org\/index.php\/wp-json\/wp\/v2\/users\/1"}],"replies":[{"embeddable":true,"href":"http:\/\/foyerruralfayencetourrettes.org\/index.php\/wp-json\/wp\/v2\/comments?post=600"}],"version-history":[{"count":12,"href":"http:\/\/foyerruralfayencetourrettes.org\/index.php\/wp-json\/wp\/v2\/pages\/600\/revisions"}],"predecessor-version":[{"id":4501,"href":"http:\/\/foyerruralfayencetourrettes.org\/index.php\/wp-json\/wp\/v2\/pages\/600\/revisions\/4501"}],"up":[{"embeddable":true,"href":"http:\/\/foyerruralfayencetourrettes.org\/index.php\/wp-json\/wp\/v2\/pages\/98"}],"wp:attachment":[{"href":"http:\/\/foyerruralfayencetourrettes.org\/index.php\/wp-json\/wp\/v2\/media?parent=600"}],"curies":[{"name":"wp","href":"https:\/\/api.w.org\/{rel}","templated":true}]}}