{"id":63,"date":"2018-01-31T11:35:12","date_gmt":"2018-01-31T10:35:12","guid":{"rendered":"http:\/\/foyerruralfayencetourrettes.org\/?page_id=63"},"modified":"2026-04-27T09:42:09","modified_gmt":"2026-04-27T07:42:09","slug":"randonnee-des-sources","status":"publish","type":"page","link":"http:\/\/foyerruralfayencetourrettes.org\/index.php\/galerie-photos\/randonnee-des-sources\/","title":{"rendered":"RANDONN\u00c9E DES SOURCES"},"content":{"rendered":"<h3>\u00a0<\/h3>\n<h2><span style=\"color: #000000;\"><em>Depuis les ann\u00e9es <span style=\"color: #000000;\">90, le Foyer Rural de Fayence-Tourrettes<\/span> organise, tous les 2 ans, une Randonn\u00e9e des Sources, qui rassemble plus de 200 participants toutes g\u00e9n\u00e9rations confondues.<\/em> <\/span><\/h2>\n<h2 style=\"text-align: center;\"><span style=\"color: #99cc00;\">Rendez-vous le 7 juin 2026\u00a0 Place St S\u00e9bastien\u00a0 \u00e0 Mons. <\/span><\/h2>\n\n\n<figure class=\"wp-block-image size-full\"><img decoding=\"async\" loading=\"lazy\" width=\"949\" height=\"571\" src=\"http:\/\/foyerruralfayencetourrettes.org\/wp-content\/uploads\/2026\/04\/image.png\" alt=\"\" class=\"wp-image-4806\" srcset=\"http:\/\/foyerruralfayencetourrettes.org\/wp-content\/uploads\/2026\/04\/image.png 949w, http:\/\/foyerruralfayencetourrettes.org\/wp-content\/uploads\/2026\/04\/image-300x181.png 300w, http:\/\/foyerruralfayencetourrettes.org\/wp-content\/uploads\/2026\/04\/image-768x462.png 768w\" sizes=\"(max-width: 949px) 100vw, 949px\" \/><\/figure>\n\n\n\n<p><strong>Pour cette 19 \u00e8me \u00e9dition, la Randonn\u00e9e des Sources vous fera d\u00e9couvrir le site du village de Mons  et alentours.&nbsp;&nbsp;&nbsp;&nbsp;&nbsp;&nbsp;&nbsp;&nbsp;&nbsp;&nbsp;&nbsp;&nbsp;&nbsp;&nbsp;&nbsp;&nbsp;&nbsp;&nbsp;&nbsp; &nbsp;&nbsp;&nbsp;&nbsp;&nbsp;<\/strong>&nbsp;&nbsp;&nbsp;&nbsp;&nbsp;&nbsp;&nbsp;&nbsp;&nbsp;&nbsp; &nbsp;&nbsp;&nbsp;&nbsp;&nbsp;<\/p>\n\n\n\n<p>&nbsp;<strong>Nous retrouverons deux cat\u00e9gories sportives :&nbsp;Randonn\u00e9e p\u00e9destre, VTT &amp; VTTAE . &nbsp;&nbsp;&nbsp;&nbsp;&nbsp;&nbsp;&nbsp;&nbsp;&nbsp;&nbsp;&nbsp; &nbsp;&nbsp;&nbsp;&nbsp;&nbsp;&nbsp;&nbsp;&nbsp;&nbsp;&nbsp;&nbsp; &nbsp;&nbsp;&nbsp;&nbsp;&nbsp;&nbsp;&nbsp;&nbsp;&nbsp;&nbsp;&nbsp; &nbsp;&nbsp;&nbsp;&nbsp;&nbsp;&nbsp;<br>Cette randonn\u00e9e est ouverte \u00e0 tous et n\u2019est en aucun cas une comp\u00e9tition. Elle est l\u2019occasion de d\u00e9couvrir les sentiers, chemins et sites de nos villages perch\u00e9s.&nbsp;<\/strong><\/p>\n\n\n\n<p><strong>A l\u2019arriv\u00e9e de cette randonn\u00e9e nous nous retrouverons pour partager un pique-nique \u00ab&nbsp;tir\u00e9 du sac&nbsp;\u00bb.<br>Ap\u00e9ritif offert par la municipalit\u00e9.&nbsp;<br>Vin, ravitaillement, dessert et caf\u00e9 offerts par le Foyer Rural.&nbsp;&nbsp;&nbsp;&nbsp;<\/strong>&nbsp;&nbsp;&nbsp;<\/p>\n\n\n\n<p><strong>Un tee-shirt sera offert aux 200 premiers  inscrits payants.<\/strong><\/p>\n\n\n\n<h2 class=\"wp-block-heading has-text-align-center\"><strong><a href=\"https:\/\/www.helloasso.com\/associations\/foyer-rural-fayence-tourrettes\" target=\"_blank\" rel=\"noreferrer noopener\"><mark style=\"background-color:rgba(0, 0, 0, 0)\" class=\"has-inline-color has-vivid-green-cyan-color\">Billetterie en ligne<\/mark><\/a><\/strong><\/h2>\n\n\n\n<h3 class=\"wp-block-heading has-text-align-center\"><mark style=\"background-color:rgba(0, 0, 0, 0);color:#86d100\" class=\"has-inline-color\"><strong><a rel=\"noreferrer noopener\" href=\"http:\/\/foyerruralfayencetourrettes.org\/wp-content\/uploads\/2026\/04\/Brochure-Randonnee-des-Sources-2026.pdf\" target=\"_blank\">T\u00e9l\u00e9charger le bulletin d&rsquo;inscription<\/a><\/strong><\/mark><\/h3>\n\n\n\n<p><\/p>\n","protected":false},"excerpt":{"rendered":"<p>\u00a0 Depuis les ann\u00e9es 90, le Foyer Rural de Fayence-Tourrettes organise, tous les 2 ans, une Randonn\u00e9e des Sources, qui rassemble plus de 200 participants toutes g\u00e9n\u00e9rations confondues. Rendez-vous le 7 juin 2026\u00a0 Place St S\u00e9bastien\u00a0 \u00e0 Mons. Pour cette 19 \u00e8me \u00e9dition, la Randonn\u00e9e des Sources vous fera d\u00e9couvrir le site du village de&hellip; <a href=\"http:\/\/foyerruralfayencetourrettes.org\/index.php\/galerie-photos\/randonnee-des-sources\/\" class=\"more-link\">Lire la suite <span class=\"screen-reader-text\">RANDONN\u00c9E DES SOURCES<\/span><\/a><\/p>\n","protected":false},"author":1,"featured_media":0,"parent":55,"menu_order":5,"comment_status":"closed","ping_status":"closed","template":"","meta":[],"_links":{"self":[{"href":"http:\/\/foyerruralfayencetourrettes.org\/index.php\/wp-json\/wp\/v2\/pages\/63"}],"collection":[{"href":"http:\/\/foyerruralfayencetourrettes.org\/index.php\/wp-json\/wp\/v2\/pages"}],"about":[{"href":"http:\/\/foyerruralfayencetourrettes.org\/index.php\/wp-json\/wp\/v2\/types\/page"}],"author":[{"embeddable":true,"href":"http:\/\/foyerruralfayencetourrettes.org\/index.php\/wp-json\/wp\/v2\/users\/1"}],"replies":[{"embeddable":true,"href":"http:\/\/foyerruralfayencetourrettes.org\/index.php\/wp-json\/wp\/v2\/comments?post=63"}],"version-history":[{"count":40,"href":"http:\/\/foyerruralfayencetourrettes.org\/index.php\/wp-json\/wp\/v2\/pages\/63\/revisions"}],"predecessor-version":[{"id":4808,"href":"http:\/\/foyerruralfayencetourrettes.org\/index.php\/wp-json\/wp\/v2\/pages\/63\/revisions\/4808"}],"up":[{"embeddable":true,"href":"http:\/\/foyerruralfayencetourrettes.org\/index.php\/wp-json\/wp\/v2\/pages\/55"}],"wp:attachment":[{"href":"http:\/\/foyerruralfayencetourrettes.org\/index.php\/wp-json\/wp\/v2\/media?parent=63"}],"curies":[{"name":"wp","href":"https:\/\/api.w.org\/{rel}","templated":true}]}}