{"id":67,"date":"2018-01-31T11:35:49","date_gmt":"2018-01-31T10:35:49","guid":{"rendered":"http:\/\/foyerruralfayencetourrettes.org\/?page_id=67"},"modified":"2024-08-06T12:00:41","modified_gmt":"2024-08-06T10:00:41","slug":"contact","status":"publish","type":"page","link":"http:\/\/foyerruralfayencetourrettes.org\/index.php\/contact\/","title":{"rendered":"CONTACT"},"content":{"rendered":"\n<h3 class=\"wp-block-heading\"><strong><mark style=\"background-color:rgba(0, 0, 0, 0)\" class=\"has-inline-color has-black-color\">Accueil Bureau :<\/mark><\/strong><\/h3>\n\n\n\n<h3 class=\"wp-block-heading\"><strong><mark style=\"background-color:rgba(0, 0, 0, 0)\" class=\"has-inline-color has-black-color\"><em>All\u00e9e Monseigneur de Fleury<\/em> &#8211; <em>83440 FAYENCE<\/em><\/mark><br><mark style=\"background-color:rgba(0, 0, 0, 0)\" class=\"has-inline-color has-black-color\">Du mardi au vendredi&nbsp;: de 9h00 \u00e0 12h00<\/mark><\/strong><\/h3>\n\n\n\n<h2 class=\"wp-block-heading\"><mark style=\"background-color:rgba(0, 0, 0, 0)\" class=\"has-inline-color has-black-color\"><strong>><\/strong><\/mark><strong><mark style=\"background-color:rgba(0, 0, 0, 0)\" class=\"has-inline-color has-vivid-green-cyan-color\">Lucile IFRENE<\/mark><\/strong><mark style=\"background-color:rgba(0, 0, 0, 0)\" class=\"has-inline-color has-black-color\"><strong> : Accueil-Coordination<\/strong><\/mark> <mark style=\"background-color:rgba(0, 0, 0, 0)\" class=\"has-inline-color has-black-color\"><strong>&#8211; Adh\u00e9sions-Activit\u00e9s<\/strong><\/mark><\/h2>\n\n\n\n<h2 class=\"wp-block-heading\"><strong><span style=\"color: #000000;\">&nbsp;<mark style=\"background-color:rgba(0, 0, 0, 0)\" class=\"has-inline-color has-luminous-vivid-orange-color\">fr.fayence@mouvement-rural.org<\/mark><\/span><\/strong><\/h2>\n\n\n\n<h2 class=\"wp-block-heading\"><strong><span style=\"color: #000000;\"><mark style=\"background-color:rgba(0, 0, 0, 0)\" class=\"has-inline-color has-luminous-vivid-orange-color\">T\u00e9l: 04 94 76 58 15<\/mark><\/span><\/strong><\/h2>\n\n\n\n<h2 class=\"wp-block-heading\"><mark style=\"background-color:rgba(0, 0, 0, 0)\" class=\"has-inline-color has-black-color\">\u00a0<strong>><\/strong><\/mark><strong><mark style=\"background-color:rgba(0, 0, 0, 0)\" class=\"has-inline-color has-vivid-green-cyan-color\">Yen MALFAY<\/mark><\/strong><mark style=\"background-color:rgba(0, 0, 0, 0)\" class=\"has-inline-color has-black-color\"><strong> : Coordinatrice Culturelle &#8211; Spectacles scolaires<\/strong><\/mark><\/h2>\n\n\n\n<h2 class=\"wp-block-heading\"><strong><mark style=\"background-color:rgba(0, 0, 0, 0)\" class=\"has-inline-color has-luminous-vivid-orange-color\">fr.fayenceculture@mouvement-rural.org<\/mark><\/strong><\/h2>\n\n\n\n<h2 class=\"wp-block-heading\"><strong><span style=\"color: #000000;\"><mark style=\"background-color:rgba(0, 0, 0, 0)\" class=\"has-inline-color has-luminous-vivid-orange-color\">T\u00e9l: 04 94 76 58 15<\/mark><\/span><\/strong><\/h2>\n\n\n\n<h2 class=\"wp-block-heading\"><img decoding=\"async\" loading=\"lazy\" class=\"aligncenter  wp-image-2464\" src=\"http:\/\/foyerruralfayencetourrettes.org\/wp-content\/uploads\/2022\/09\/LOGO1.jpeg\" alt=\"\" width=\"372\" height=\"372\" srcset=\"http:\/\/foyerruralfayencetourrettes.org\/wp-content\/uploads\/2022\/09\/LOGO1.jpeg 500w, http:\/\/foyerruralfayencetourrettes.org\/wp-content\/uploads\/2022\/09\/LOGO1-300x300.jpeg 300w, http:\/\/foyerruralfayencetourrettes.org\/wp-content\/uploads\/2022\/09\/LOGO1-150x150.jpeg 150w, http:\/\/foyerruralfayencetourrettes.org\/wp-content\/uploads\/2022\/09\/LOGO1-180x180.jpeg 180w\" sizes=\"(max-width: 372px) 100vw, 372px\" \/><\/h2>\n\n\n\n<h3 class=\"wp-block-heading\">&nbsp;<\/h3>\n\n\n\n<h3 class=\"wp-block-heading\">&nbsp;<\/h3>\n\n\n\n<h2 class=\"wp-block-heading\">&nbsp;<\/h2>\n","protected":false},"excerpt":{"rendered":"<p>Accueil Bureau : All\u00e9e Monseigneur de Fleury &#8211; 83440 FAYENCEDu mardi au vendredi&nbsp;: de 9h00 \u00e0 12h00 >Lucile IFRENE : Accueil-Coordination &#8211; Adh\u00e9sions-Activit\u00e9s &nbsp;fr.fayence@mouvement-rural.org T\u00e9l: 04 94 76 58 15 \u00a0>Yen MALFAY : Coordinatrice Culturelle &#8211; Spectacles scolaires fr.fayenceculture@mouvement-rural.org T\u00e9l: 04 94 76 58 15 &nbsp; &nbsp; &nbsp;<\/p>\n","protected":false},"author":1,"featured_media":0,"parent":0,"menu_order":0,"comment_status":"closed","ping_status":"closed","template":"","meta":[],"_links":{"self":[{"href":"http:\/\/foyerruralfayencetourrettes.org\/index.php\/wp-json\/wp\/v2\/pages\/67"}],"collection":[{"href":"http:\/\/foyerruralfayencetourrettes.org\/index.php\/wp-json\/wp\/v2\/pages"}],"about":[{"href":"http:\/\/foyerruralfayencetourrettes.org\/index.php\/wp-json\/wp\/v2\/types\/page"}],"author":[{"embeddable":true,"href":"http:\/\/foyerruralfayencetourrettes.org\/index.php\/wp-json\/wp\/v2\/users\/1"}],"replies":[{"embeddable":true,"href":"http:\/\/foyerruralfayencetourrettes.org\/index.php\/wp-json\/wp\/v2\/comments?post=67"}],"version-history":[{"count":24,"href":"http:\/\/foyerruralfayencetourrettes.org\/index.php\/wp-json\/wp\/v2\/pages\/67\/revisions"}],"predecessor-version":[{"id":3875,"href":"http:\/\/foyerruralfayencetourrettes.org\/index.php\/wp-json\/wp\/v2\/pages\/67\/revisions\/3875"}],"wp:attachment":[{"href":"http:\/\/foyerruralfayencetourrettes.org\/index.php\/wp-json\/wp\/v2\/media?parent=67"}],"curies":[{"name":"wp","href":"https:\/\/api.w.org\/{rel}","templated":true}]}}