{"id":856,"date":"2018-09-28T11:34:04","date_gmt":"2018-09-28T09:34:04","guid":{"rendered":"http:\/\/foyerruralfayencetourrettes.org\/?page_id=856"},"modified":"2026-01-18T19:14:04","modified_gmt":"2026-01-18T18:14:04","slug":"concert-bal-folk-samedi-23-fevrier-2019","status":"publish","type":"page","link":"http:\/\/foyerruralfayencetourrettes.org\/index.php\/galerie-photos\/concert-bal-folk-samedi-23-fevrier-2019\/","title":{"rendered":"WE STAGE &#8211; BAL FOLK"},"content":{"rendered":"<p><span style=\"color: #000000;\"><strong>BAL FOLK Le 28\u00a0 f\u00e9vrier 2026\u00a0 \u00a0 \u00a0 \u00e0 21h\u00a0 ESPACE CULTUREL\u00a0 FAYENCE<\/strong><\/span><\/p>\n<h4><strong><span style=\"color: #000000;\">Sur le we, stage de danses du Sud ouest avec Daniel DETAMMAECKER, salle polyvalente de Montauroux.\u00a0<\/span> \u00a0 \u00a0 \u00a0 \u00a0 \u00a0 \u00a0 <span style=\"color: #339966;\">\u00a0<\/span><\/strong><\/h4>\n<h3><span style=\"color: #0000ff;\"><strong>D\u00e9pliant stage Sud Ouest <\/strong><\/span><\/h3>\n<h3><span style=\"color: #800000;\"><strong><a style=\"color: #800000;\" href=\"https:\/\/www.helloasso.com\/associations\/foyer-rural-fayence-tourrettes\" target=\"_blank\" rel=\"noopener\">billetterie \/ inscriptions en ligne<\/a><\/strong><\/span><\/h3>\n<h4><strong style=\"color: inherit; font-size: 1.25em;\"><img decoding=\"async\" loading=\"lazy\" class=\"aligncenter wp-image-4700 size-large\" src=\"http:\/\/foyerruralfayencetourrettes.org\/wp-content\/uploads\/2026\/01\/affiche-fay-2026_page-0001-1-724x1024.jpg\" alt=\"\" width=\"724\" height=\"1024\" srcset=\"http:\/\/foyerruralfayencetourrettes.org\/wp-content\/uploads\/2026\/01\/affiche-fay-2026_page-0001-1-724x1024.jpg 724w, http:\/\/foyerruralfayencetourrettes.org\/wp-content\/uploads\/2026\/01\/affiche-fay-2026_page-0001-1-212x300.jpg 212w, http:\/\/foyerruralfayencetourrettes.org\/wp-content\/uploads\/2026\/01\/affiche-fay-2026_page-0001-1-768x1086.jpg 768w, http:\/\/foyerruralfayencetourrettes.org\/wp-content\/uploads\/2026\/01\/affiche-fay-2026_page-0001-1-1086x1536.jpg 1086w, http:\/\/foyerruralfayencetourrettes.org\/wp-content\/uploads\/2026\/01\/affiche-fay-2026_page-0001-1.jpg 1241w\" sizes=\"(max-width: 724px) 100vw, 724px\" \/><\/strong><\/h4>\n<p><strong>CLICA DRONA<\/strong><\/p>\n<p><strong>La Clica Dr\u00f2na balance et fait sonner le bourdon.<\/strong><br \/>\n<strong>Exp\u00e9rimentation d\u2019une musique \u00e0 danser ancr\u00e9e, tant\u00f4t sauvage ou apprivois\u00e9e, elle \u00e9volue sur les pas des passeurs gascons engag\u00e9s.<\/strong><br \/>\n<strong>Voici un groupe \u00e0 la pointe de l&rsquo;archa\u00efsme, ancr\u00e9 dans l&rsquo;exp\u00e9rimentation, qui m\u00eale boha, archets, tambourin \u00e0 cordes, voix, effets, bourdons, Gascogne&#8230; pour fabriquer un son brut et dense.<\/strong><\/p>\n<p><strong>Daniel Detammaecker : tambourin \u00e0 cordes, percussions, harmonica, voix<\/strong><br \/>\n<strong>Aina Tulier : violon, nyckelharpa, voix<\/strong><br \/>\n<strong>Adrien Villeneuve : boha (cornemuse de Gascogne), synth\u00e9 analogique, flabuta, voix.<\/strong><\/p>\n<figure class=\"media\">\n<div data-oembed-url=\"https:\/\/youtu.be\/nPXzl5wUsqA?t=9\">\n<div><iframe src=\"https:\/\/www.youtube.com\/embed\/nPXzl5wUsqA\" frameborder=\"0\" allowfullscreen=\"allowfullscreen\" data-mce-fragment=\"1\"><\/iframe><\/div>\n<\/div>\n<\/figure>\n<p><strong>\u00a0<\/strong><\/p>\n<p><strong><span style=\"color: #000000;\">PLUME<\/span><\/strong><\/p>\n<p><strong>PLUME offre une exp\u00e9rience musicale unique et envo\u00fbtante. Le groupe se distingue par son \u00e9nergie brute et son enthousiasme d\u00e9bordant, proposant un voyage musical au croisement de diff\u00e9rentes cultures. L&rsquo;archet furieux du erhu et les riffs de guitare indomptables se m\u00ealent aux m\u00e9lodies douces de l&rsquo;accord\u00e9on, cr\u00e9ant <span style=\"color: #000000;\">une<\/span> coh\u00e9sion singuli\u00e8re et une improvisation fluide.<\/strong><\/p>\n<p><strong>Plume a su charmer le public avec sa musique, en gardant la pulse des musiques populaires tout en ajoutant sa touche unique et son horizon cr\u00e9atif. Leur performance live est une explosion d&rsquo;\u00e9nergie et de rythmes enivrants, offrant une exp\u00e9rience m\u00e9morable aux spectateurs.<\/strong><\/p>\n<p><strong>Yves Perrin : Guitare<\/strong><\/p>\n<p><strong>Li&rsquo;ang Zhao : Erhu<\/strong><\/p>\n<p><strong>Aymerick Tron : Accord\u00e9on + stompbox<\/strong><\/p>\n<figure class=\"media\">\n<div data-oembed-url=\"https:\/\/youtu.be\/8mC5UejhlvU\">\n<div><iframe src=\"https:\/\/www.youtube.com\/embed\/8mC5UejhlvU\" frameborder=\"0\" allowfullscreen=\"allowfullscreen\" data-mce-fragment=\"1\"><\/iframe><\/div>\n<\/div>\n<\/figure>\n<h4><strong>Stage de danses du Sud ouest avec Daniel DETAMMAECKER, salle polyvalente de Montauroux.<\/strong><\/h4>\n<p><strong>Depuis plus de\u00a030 ans, Daniel voyage et va \u00e0 la rencontre\u00a0des danseurs, des\u00a0collecteurs, des musiciens, des\u00a0artisans, et il s&rsquo;applique \u00e0\u00a0vivre, partager\u00a0et s&rsquo;impr\u00e9gner, s&rsquo;inspirer\u00a0de leurs\u00a0expressions.<\/strong><\/p>\n<p><strong>Depuis\u00a020 ans il s&rsquo;attache, \u00a0avec\u00a0une profonde et sauvage\u00a0passion,\u00a0 \u00e0 passer cette mati\u00e8re\u00a0\u00a0lors de ses rencontres, dans le cadre d&rsquo;ateliers, de festivals, de r\u00e9sidences et de stages.<\/strong><\/p>\n<p><strong>Au programme du week-end : Branle d&rsquo;Ossau en<\/strong> <strong>couple, rondeaux, danses d&rsquo;Ari\u00e8ge<\/strong><\/p>\n<p><strong>Tout un we, rien que pour nous. Ne ratez pas cette occasion\u00a0!<\/strong><\/p>\n<p><a href=\"https:\/\/www.youtube.com\/watch?v=USYAO0P2AGE\"><strong>https:\/\/www.youtube.com\/watch?v=USYAO0P2AGE<\/strong><\/a><\/p>\n","protected":false},"excerpt":{"rendered":"<p>BAL FOLK Le 28\u00a0 f\u00e9vrier 2026\u00a0 \u00a0 \u00a0 \u00e0 21h\u00a0 ESPACE CULTUREL\u00a0 FAYENCE Sur le we, stage de danses du Sud ouest avec Daniel DETAMMAECKER, salle polyvalente de Montauroux.\u00a0 \u00a0 \u00a0 \u00a0 \u00a0 \u00a0 \u00a0 \u00a0 D\u00e9pliant stage Sud Ouest billetterie \/ inscriptions en ligne CLICA DRONA La Clica Dr\u00f2na balance et fait sonner le&hellip; <a href=\"http:\/\/foyerruralfayencetourrettes.org\/index.php\/galerie-photos\/concert-bal-folk-samedi-23-fevrier-2019\/\" class=\"more-link\">Lire la suite <span class=\"screen-reader-text\">WE STAGE &#8211; BAL FOLK<\/span><\/a><\/p>\n","protected":false},"author":1,"featured_media":0,"parent":55,"menu_order":4,"comment_status":"closed","ping_status":"closed","template":"","meta":[],"_links":{"self":[{"href":"http:\/\/foyerruralfayencetourrettes.org\/index.php\/wp-json\/wp\/v2\/pages\/856"}],"collection":[{"href":"http:\/\/foyerruralfayencetourrettes.org\/index.php\/wp-json\/wp\/v2\/pages"}],"about":[{"href":"http:\/\/foyerruralfayencetourrettes.org\/index.php\/wp-json\/wp\/v2\/types\/page"}],"author":[{"embeddable":true,"href":"http:\/\/foyerruralfayencetourrettes.org\/index.php\/wp-json\/wp\/v2\/users\/1"}],"replies":[{"embeddable":true,"href":"http:\/\/foyerruralfayencetourrettes.org\/index.php\/wp-json\/wp\/v2\/comments?post=856"}],"version-history":[{"count":58,"href":"http:\/\/foyerruralfayencetourrettes.org\/index.php\/wp-json\/wp\/v2\/pages\/856\/revisions"}],"predecessor-version":[{"id":4707,"href":"http:\/\/foyerruralfayencetourrettes.org\/index.php\/wp-json\/wp\/v2\/pages\/856\/revisions\/4707"}],"up":[{"embeddable":true,"href":"http:\/\/foyerruralfayencetourrettes.org\/index.php\/wp-json\/wp\/v2\/pages\/55"}],"wp:attachment":[{"href":"http:\/\/foyerruralfayencetourrettes.org\/index.php\/wp-json\/wp\/v2\/media?parent=856"}],"curies":[{"name":"wp","href":"https:\/\/api.w.org\/{rel}","templated":true}]}}